{"id":279,"date":"2024-06-04T18:53:53","date_gmt":"2024-06-04T18:53:53","guid":{"rendered":"https:\/\/ddent.com.br\/clinica\/?page_id=279"},"modified":"2025-05-23T20:22:40","modified_gmt":"2025-05-23T20:22:40","slug":"contato","status":"publish","type":"page","link":"https:\/\/ddent.com.br\/clinica\/contato\/","title":{"rendered":"Contato"},"content":{"rendered":"\t\t<div data-elementor-type=\"wp-page\" data-elementor-id=\"279\" class=\"elementor elementor-279\" data-elementor-post-type=\"page\">\n\t\t\t\t<div class=\"elementor-element elementor-element-489edaf4 e-flex e-con-boxed e-con e-parent\" data-id=\"489edaf4\" data-element_type=\"container\" data-e-type=\"container\" data-settings=\"{&quot;background_background&quot;:&quot;classic&quot;}\">\n\t\t\t\t\t<div class=\"e-con-inner\">\n\t\t\t\t\t<\/div>\n\t\t\t\t<\/div>\n\t\t<div class=\"elementor-element elementor-element-9e2e0e1 e-flex e-con-boxed e-con e-parent\" data-id=\"9e2e0e1\" data-element_type=\"container\" data-e-type=\"container\">\n\t\t\t\t\t<div class=\"e-con-inner\">\n\t\t<div class=\"elementor-element elementor-element-10b8f1a e-flex e-con-boxed e-con e-child\" data-id=\"10b8f1a\" data-element_type=\"container\" data-e-type=\"container\">\n\t\t\t\t\t<div class=\"e-con-inner\">\n\t\t<div class=\"elementor-element elementor-element-132b472 e-con-full e-flex e-con e-child\" data-id=\"132b472\" data-element_type=\"container\" data-e-type=\"container\">\n\t\t\t\t<div class=\"elementor-element elementor-element-5292b91 elementor-widget elementor-widget-heading\" data-id=\"5292b91\" data-element_type=\"widget\" data-e-type=\"widget\" data-widget_type=\"heading.default\">\n\t\t\t\t<div class=\"elementor-widget-container\">\n\t\t\t\t\t<h2 class=\"elementor-heading-title elementor-size-default\">Entre em contato e tire suas d\u00favidas<\/h2>\t\t\t\t<\/div>\n\t\t\t\t<\/div>\n\t\t<div class=\"elementor-element elementor-element-af24f25 e-flex e-con-boxed e-con e-child\" data-id=\"af24f25\" data-element_type=\"container\" data-e-type=\"container\">\n\t\t\t\t\t<div class=\"e-con-inner\">\n\t\t\t\t<div class=\"elementor-element elementor-element-6b56f41 elementor-position-inline-start elementor-mobile-position-inline-start elementor-hidden-desktop elementor-view-default elementor-widget elementor-widget-icon-box\" data-id=\"6b56f41\" data-element_type=\"widget\" data-e-type=\"widget\" data-widget_type=\"icon-box.default\">\n\t\t\t\t<div class=\"elementor-widget-container\">\n\t\t\t\t\t\t\t<div class=\"elementor-icon-box-wrapper\">\n\n\t\t\t\t\t\t<div class=\"elementor-icon-box-icon\">\n\t\t\t\t<span  class=\"elementor-icon\">\n\t\t\t\t<svg xmlns=\"http:\/\/www.w3.org\/2000\/svg\" width=\"32\" height=\"32\" viewBox=\"0 0 32 32\" fill=\"none\"><rect width=\"32\" height=\"32\" rx=\"4\" fill=\"#AEDAD7\"><\/rect><path d=\"M12.3754 19.6073C14.8696 22.1012 17.9073 24.0258 20.3839 24.0258C21.4973 24.0258 22.4723 23.6373 23.2577 22.7742C23.715 22.265 24 21.6696 24 21.0831C24 20.6515 23.8358 20.2373 23.4219 19.9438L20.7808 18.0623C20.3754 17.7862 20.0388 17.6481 19.7281 17.6481C19.3312 17.6481 18.9858 17.8727 18.5889 18.2608L17.9762 18.865C17.8895 18.9526 17.7717 19.0023 17.6485 19.0031C17.5104 19.0031 17.3892 18.9515 17.2946 18.9081C16.7681 18.6235 15.8535 17.8381 14.9988 16.9923C14.1531 16.1465 13.3677 15.2319 13.0915 14.6969C13.0319 14.5914 12.9994 14.4727 12.9969 14.3515C12.9969 14.2396 13.0312 14.1269 13.1262 14.0323L13.73 13.4027C14.1188 13.0054 14.3431 12.66 14.3431 12.2631C14.3431 11.9527 14.205 11.6161 13.9204 11.2104L12.0646 8.59539C11.7627 8.18116 11.34 8 10.8738 8C10.3042 8 9.70884 8.25885 9.20845 8.75114C8.37115 9.55383 8 10.5458 8 11.6416C8 14.1185 9.89 17.1219 12.3754 19.6073Z\" fill=\"#179E96\"><\/path><\/svg>\t\t\t\t<\/span>\n\t\t\t<\/div>\n\t\t\t\n\t\t\t\t\t\t<div class=\"elementor-icon-box-content\">\n\n\t\t\t\t\n\t\t\t\t\t\t\t\t\t<p class=\"elementor-icon-box-description\">\n\t\t\t\t\t\t(11) 2682-7735 | <br> (11) 2682-0871\t\t\t\t\t<\/p>\n\t\t\t\t\n\t\t\t<\/div>\n\t\t\t\n\t\t<\/div>\n\t\t\t\t\t\t<\/div>\n\t\t\t\t<\/div>\n\t\t\t\t<div class=\"elementor-element elementor-element-3f33c4d elementor-position-inline-start elementor-mobile-position-inline-start elementor-hidden-tablet elementor-hidden-mobile elementor-view-default elementor-widget elementor-widget-icon-box\" data-id=\"3f33c4d\" data-element_type=\"widget\" data-e-type=\"widget\" data-widget_type=\"icon-box.default\">\n\t\t\t\t<div class=\"elementor-widget-container\">\n\t\t\t\t\t\t\t<div class=\"elementor-icon-box-wrapper\">\n\n\t\t\t\t\t\t<div class=\"elementor-icon-box-icon\">\n\t\t\t\t<span  class=\"elementor-icon\">\n\t\t\t\t<svg xmlns=\"http:\/\/www.w3.org\/2000\/svg\" width=\"32\" height=\"32\" viewBox=\"0 0 32 32\" fill=\"none\"><rect width=\"32\" height=\"32\" rx=\"4\" fill=\"#AEDAD7\"><\/rect><path d=\"M12.3754 19.6073C14.8696 22.1012 17.9073 24.0258 20.3839 24.0258C21.4973 24.0258 22.4723 23.6373 23.2577 22.7742C23.715 22.265 24 21.6696 24 21.0831C24 20.6515 23.8358 20.2373 23.4219 19.9438L20.7808 18.0623C20.3754 17.7862 20.0388 17.6481 19.7281 17.6481C19.3312 17.6481 18.9858 17.8727 18.5889 18.2608L17.9762 18.865C17.8895 18.9526 17.7717 19.0023 17.6485 19.0031C17.5104 19.0031 17.3892 18.9515 17.2946 18.9081C16.7681 18.6235 15.8535 17.8381 14.9988 16.9923C14.1531 16.1465 13.3677 15.2319 13.0915 14.6969C13.0319 14.5914 12.9994 14.4727 12.9969 14.3515C12.9969 14.2396 13.0312 14.1269 13.1262 14.0323L13.73 13.4027C14.1188 13.0054 14.3431 12.66 14.3431 12.2631C14.3431 11.9527 14.205 11.6161 13.9204 11.2104L12.0646 8.59539C11.7627 8.18116 11.34 8 10.8738 8C10.3042 8 9.70884 8.25885 9.20845 8.75114C8.37115 9.55383 8 10.5458 8 11.6416C8 14.1185 9.89 17.1219 12.3754 19.6073Z\" fill=\"#179E96\"><\/path><\/svg>\t\t\t\t<\/span>\n\t\t\t<\/div>\n\t\t\t\n\t\t\t\t\t\t<div class=\"elementor-icon-box-content\">\n\n\t\t\t\t\n\t\t\t\t\t\t\t\t\t<p class=\"elementor-icon-box-description\">\n\t\t\t\t\t\t(11) 2682-7735 | (11) 2682-0871\t\t\t\t\t<\/p>\n\t\t\t\t\n\t\t\t<\/div>\n\t\t\t\n\t\t<\/div>\n\t\t\t\t\t\t<\/div>\n\t\t\t\t<\/div>\n\t\t\t\t<div class=\"elementor-element elementor-element-8b7ece9 elementor-position-inline-start elementor-mobile-position-inline-start elementor-view-default elementor-widget elementor-widget-icon-box\" data-id=\"8b7ece9\" data-element_type=\"widget\" data-e-type=\"widget\" data-widget_type=\"icon-box.default\">\n\t\t\t\t<div class=\"elementor-widget-container\">\n\t\t\t\t\t\t\t<div class=\"elementor-icon-box-wrapper\">\n\n\t\t\t\t\t\t<div class=\"elementor-icon-box-icon\">\n\t\t\t\t<span  class=\"elementor-icon\">\n\t\t\t\t<svg xmlns=\"http:\/\/www.w3.org\/2000\/svg\" width=\"32\" height=\"32\" viewBox=\"0 0 32 32\" fill=\"none\"><rect width=\"32\" height=\"32\" rx=\"4\" fill=\"#AEDAD7\"><\/rect><mask id=\"mask0_2319_1006\" style=\"mask-type:luminance\" maskUnits=\"userSpaceOnUse\" x=\"8\" y=\"8\" width=\"16\" height=\"16\"><path d=\"M8 8H24V24H8V8Z\" fill=\"white\"><\/path><\/mask><g mask=\"url(#mask0_2319_1006)\"><path d=\"M17.5074 8.11796L17.0274 8.05059C15.5848 7.84231 14.1127 8.04837 12.7828 8.64475C11.4528 9.24114 10.3198 10.2033 9.51579 11.419C8.66034 12.5811 8.15039 13.9611 8.04461 15.4002C7.93884 16.8393 8.24155 18.2791 8.91789 19.5538C8.98711 19.6815 9.03021 19.8218 9.04467 19.9663C9.05912 20.1109 9.04466 20.2569 9.00211 20.3959C8.65684 21.5832 8.33684 22.779 8 24.0338L8.42105 23.9074C9.55789 23.6043 10.6947 23.3011 11.8316 23.0232C12.0715 22.9733 12.3209 22.9968 12.5474 23.0906C13.5673 23.5884 14.682 23.8622 15.8165 23.8938C16.951 23.9253 18.0791 23.7139 19.1251 23.2735C20.1712 22.8332 21.1109 22.1742 21.8813 21.3408C22.6517 20.5074 23.235 19.5188 23.5919 18.4414C23.9488 17.3641 24.0711 16.2228 23.9506 15.0943C23.8302 13.9658 23.4697 12.8761 22.8934 11.8983C22.3172 10.9205 21.5384 10.0774 20.6094 9.42535C19.6805 8.77333 18.6228 8.32757 17.5074 8.11796ZM19.6295 19.1664C19.3234 19.4404 18.9502 19.6284 18.5478 19.7112C18.1455 19.7941 17.7284 19.7688 17.3389 19.638C15.5744 19.1411 14.0435 18.0339 13.0189 16.5138C12.6276 15.9761 12.313 15.3866 12.0842 14.7622C11.9603 14.3999 11.938 14.0106 12.0196 13.6365C12.1012 13.2624 12.2838 12.9178 12.5474 12.6401C12.6757 12.4763 12.8504 12.355 13.0486 12.2919C13.2469 12.2288 13.4596 12.2269 13.6589 12.2864C13.8274 12.3285 13.9453 12.5727 14.0968 12.758C14.2198 13.1058 14.3638 13.446 14.5263 13.7769C14.6496 13.9458 14.7011 14.1565 14.6696 14.3632C14.638 14.5699 14.526 14.7557 14.3579 14.8801C13.9789 15.2169 14.0379 15.4948 14.3074 15.8738C14.9031 16.732 15.7251 17.4083 16.6821 17.8274C16.9516 17.9453 17.1537 17.9706 17.3305 17.6927C17.4063 17.5832 17.5074 17.4906 17.5916 17.3895C18.08 16.7748 17.9284 16.7832 18.7032 17.1201C18.9499 17.2236 19.1891 17.3449 19.4189 17.4822C19.6463 17.6169 19.9916 17.7601 20.0421 17.9622C20.0907 18.1814 20.0779 18.4098 20.0051 18.6223C19.9323 18.8348 19.8023 19.023 19.6295 19.1664Z\" fill=\"#179E96\"><\/path><\/g><\/svg>\t\t\t\t<\/span>\n\t\t\t<\/div>\n\t\t\t\n\t\t\t\t\t\t<div class=\"elementor-icon-box-content\">\n\n\t\t\t\t\n\t\t\t\t\t\t\t\t\t<p class=\"elementor-icon-box-description\">\n\t\t\t\t\t\t(11) 94913-5700 \t\t\t\t\t<\/p>\n\t\t\t\t\n\t\t\t<\/div>\n\t\t\t\n\t\t<\/div>\n\t\t\t\t\t\t<\/div>\n\t\t\t\t<\/div>\n\t\t\t\t<div class=\"elementor-element elementor-element-16c4c5e elementor-position-inline-start elementor-mobile-position-inline-start elementor-view-default elementor-widget elementor-widget-icon-box\" data-id=\"16c4c5e\" data-element_type=\"widget\" data-e-type=\"widget\" data-widget_type=\"icon-box.default\">\n\t\t\t\t<div class=\"elementor-widget-container\">\n\t\t\t\t\t\t\t<div class=\"elementor-icon-box-wrapper\">\n\n\t\t\t\t\t\t<div class=\"elementor-icon-box-icon\">\n\t\t\t\t<span  class=\"elementor-icon\">\n\t\t\t\t<svg xmlns=\"http:\/\/www.w3.org\/2000\/svg\" width=\"32\" height=\"32\" viewBox=\"0 0 32 32\" fill=\"none\"><rect width=\"32\" height=\"32\" rx=\"4\" fill=\"#AEDAD7\"><\/rect><path d=\"M16.0163 16.9642C16.3586 16.9642 16.6685 16.8094 17.0191 16.4505L24.111 9.43164C23.8094 9.13843 23.247 9 22.4401 9H9.31504C8.6302 9 8.14952 9.13043 7.88031 9.39929L15.0133 16.4508C15.3639 16.8011 15.6818 16.9642 16.016 16.9642M7.20382 21.7331L12.9671 16.0349L7.18782 10.3366C7.06539 10.5652 7 10.9564 7 11.5189V20.5185C7 21.0973 7.07339 21.5049 7.20382 21.7331ZM24.8122 21.7251C24.9343 21.4886 25 21.0889 25 20.5182V11.5192C25 10.9731 24.9426 10.5815 24.8202 10.3617L19.0649 16.0349L24.8122 21.7251ZM9.5599 23.045H22.6843C23.3695 23.045 23.8421 22.9146 24.111 22.6537L18.2417 16.8338L17.6956 17.3798C17.1412 17.9179 16.6115 18.1624 16.0163 18.1624C15.4212 18.1624 14.8912 17.9179 14.3371 17.3798L13.791 16.8338L7.92936 22.6461C8.23891 22.9149 8.78497 23.0454 9.55955 23.0454\" fill=\"#179E96\"><\/path><\/svg>\t\t\t\t<\/span>\n\t\t\t<\/div>\n\t\t\t\n\t\t\t\t\t\t<div class=\"elementor-icon-box-content\">\n\n\t\t\t\t\n\t\t\t\t\t\t\t\t\t<p class=\"elementor-icon-box-description\">\n\t\t\t\t\t\tcontato@ddent.com.br\t\t\t\t\t<\/p>\n\t\t\t\t\n\t\t\t<\/div>\n\t\t\t\n\t\t<\/div>\n\t\t\t\t\t\t<\/div>\n\t\t\t\t<\/div>\n\t\t\t\t\t<\/div>\n\t\t\t\t<\/div>\n\t\t<div class=\"elementor-element elementor-element-5c03cfc e-flex e-con-boxed e-con e-child\" data-id=\"5c03cfc\" data-element_type=\"container\" data-e-type=\"container\" data-settings=\"{&quot;background_background&quot;:&quot;classic&quot;}\">\n\t\t\t\t\t<div class=\"e-con-inner\">\n\t\t\t\t<div class=\"elementor-element elementor-element-9253070 elementor-widget elementor-widget-heading\" data-id=\"9253070\" data-element_type=\"widget\" data-e-type=\"widget\" data-widget_type=\"heading.default\">\n\t\t\t\t<div class=\"elementor-widget-container\">\n\t\t\t\t\t<span class=\"elementor-heading-title elementor-size-default\">Encontre aqui o trajeto ideal para a Cl\u00ednica DDent de onde voc\u00ea estiver.<\/span>\t\t\t\t<\/div>\n\t\t\t\t<\/div>\n\t\t\t\t<div class=\"elementor-element elementor-element-428bc24 elementor-shape-circle e-grid-align-left elementor-grid-0 elementor-widget elementor-widget-social-icons\" data-id=\"428bc24\" data-element_type=\"widget\" data-e-type=\"widget\" data-widget_type=\"social-icons.default\">\n\t\t\t\t<div class=\"elementor-widget-container\">\n\t\t\t\t\t\t\t<div class=\"elementor-social-icons-wrapper elementor-grid\" role=\"list\">\n\t\t\t\t\t\t\t<span class=\"elementor-grid-item\" role=\"listitem\">\n\t\t\t\t\t<a class=\"elementor-icon elementor-social-icon elementor-social-icon- elementor-animation-grow elementor-repeater-item-27c01b0\" href=\"https:\/\/www.google.com\/maps?gs_lcrp=EgZjaHJvbWUqDAgAECMYJxiABBiKBTIMCAAQIxgnGIAEGIoFMg0IARAuGK8BGMcBGIAEMggIAhBFGCcYOzIGCAMQRRg8MgYIBBBFGDwyBggFEEUYPDIGCAYQRRg8MgYIBxBFGDzSAQgxMjA1ajBqNKgCALACAQ&#038;um=1&#038;ie=UTF-8&#038;fb=1&#038;gl=br&#038;sa=X&#038;geocode=Kd1Lo80gXs6UMYBj-Kp5inL1&#038;daddr=R.+Embiru%C3%A7%C3%BA,+678+-+Vila+Beatriz,+S%C3%A3o+Paulo+-+SP,+03644-000\" target=\"_blank\" rel=\"noopener\">\n\t\t\t\t\t\t<span class=\"elementor-screen-only\"><\/span>\n\t\t\t\t\t\t<svg xmlns=\"http:\/\/www.w3.org\/2000\/svg\" width=\"40\" height=\"40\" viewBox=\"0 0 40 40\" fill=\"none\"><rect x=\"0.5\" y=\"0.5\" width=\"39\" height=\"39\" rx=\"19.5\" fill=\"white\"><\/rect><rect x=\"0.5\" y=\"0.5\" width=\"39\" height=\"39\" rx=\"19.5\" stroke=\"#179E96\"><\/rect><path d=\"M26.27 14C27.28 16.17 27.05 18.73 25.94 20.81C25 22.5 23.65 23.93 22.5 25.5C22 26.2 21.5 26.95 21.13 27.76C21 28.03 20.91 28.31 20.81 28.59C20.71 28.87 20.62 29.15 20.53 29.43C20.44 29.69 20.33 30 20 30C19.61 30 19.5 29.56 19.42 29.26C19.18 28.53 18.94 27.83 18.57 27.16C18.15 26.37 17.62 25.64 17.08 24.93L26.27 14ZM17.12 16.42L13.82 20.34C14.43 21.63 15.34 22.73 16.21 23.83C16.42 24.08 16.63 24.34 16.83 24.61L21 19.67L20.96 19.68C19.5 20.18 17.88 19.44 17.3 18C17.22 17.83 17.16 17.63 17.12 17.43C17.07 17.06 17.06 16.79 17.12 16.43V16.42ZM14.58 12.62L14.57 12.63C12.95 14.68 12.67 17.53 13.64 19.94L17.63 15.2L17.58 15.15L14.58 12.62ZM22.22 10.36L19 14.17L19.04 14.16C20.38 13.7 21.88 14.28 22.56 15.5C22.71 15.78 22.83 16.08 22.87 16.38C22.93 16.76 22.95 17.03 22.88 17.4V17.41L26.08 13.61C25.24 12.09 23.87 10.93 22.23 10.37L22.22 10.36ZM17.89 14.89L21.8 10.24L21.76 10.23C21.18 10.08 20.59 10 20 10C18.03 10 16.17 10.85 14.85 12.31L14.83 12.32L17.89 14.89Z\" fill=\"#179E96\"><\/path><\/svg>\t\t\t\t\t<\/a>\n\t\t\t\t<\/span>\n\t\t\t\t\t\t\t<span class=\"elementor-grid-item\" role=\"listitem\">\n\t\t\t\t\t<a class=\"elementor-icon elementor-social-icon elementor-social-icon- elementor-animation-grow elementor-repeater-item-a2256f8\" href=\"https:\/\/www.waze.com\/pt-BR\/live-map\/directions\/br\/sp\/av.-gen.-san-martin,-72?navigate=yes&#038;utm_campaign=default&#038;utm_source=waze_website&#038;utm_medium=lm_share_location&#038;to=place.ChIJWcFpAD4CzpQReYwGS1i4PA4\" target=\"_blank\" rel=\"noopener\">\n\t\t\t\t\t\t<span class=\"elementor-screen-only\"><\/span>\n\t\t\t\t\t\t<svg xmlns=\"http:\/\/www.w3.org\/2000\/svg\" width=\"40\" height=\"40\" viewBox=\"0 0 40 40\" fill=\"none\"><rect x=\"0.5\" y=\"0.5\" width=\"39\" height=\"39\" rx=\"19.5\" fill=\"white\"><\/rect><rect x=\"0.5\" y=\"0.5\" width=\"39\" height=\"39\" rx=\"19.5\" stroke=\"#179E96\"><\/rect><g clip-path=\"url(#clip0_2197_427)\"><path d=\"M32.0203 17.8472C32.7292 22.0396 30.5095 26.0464 26.4944 28.0098C27.1291 29.6748 25.8889 31.4375 24.135 31.4375C23.4887 31.437 22.8673 31.1886 22.3988 30.7434C21.9303 30.2983 21.6504 29.6903 21.6169 29.0449C21.3025 29.0542 18.4822 29.0449 17.8899 29.0137C17.8765 29.345 17.7979 29.6705 17.6587 29.9715C17.5195 30.2725 17.3223 30.5431 17.0784 30.7678C16.8345 30.9926 16.5487 31.167 16.2374 31.2813C15.9261 31.3955 15.5953 31.4473 15.2639 31.4336C13.6106 31.3672 12.4343 29.7324 12.969 28.1172C11.1521 27.4771 9.42699 26.4146 8.10472 24.6602C7.46996 23.8164 8.08129 22.6191 9.1223 22.6191C11.3835 22.6191 10.6955 19.9741 11.2292 17.2354C12.1291 12.6484 16.9299 9.5625 21.5671 9.5625C26.571 9.5625 31.1936 13.0132 32.0203 17.8472ZM25.738 26.959C27.7888 26.0225 29.7092 24.1899 30.4397 21.9717C32.4162 15.9614 27.3074 10.8389 21.5671 10.8389C17.4924 10.8389 13.2507 13.5449 12.4817 17.4795C12.0163 19.8677 12.7258 23.8931 9.12474 23.8931C10.3425 25.5098 11.9729 26.4624 13.7014 27.0205C14.9055 25.9561 16.8201 26.2651 17.5994 27.7207C18.2937 27.7695 21.4661 27.7783 21.8913 27.7607C22.0631 27.4253 22.3077 27.1326 22.6074 26.904C22.907 26.6755 23.2541 26.517 23.623 26.4401C23.9919 26.3632 24.3734 26.3699 24.7393 26.4597C25.1053 26.5495 25.4466 26.7201 25.738 26.959ZM17.5159 17.1372C17.5159 15.4409 19.9983 15.4404 19.9983 17.1372C19.9983 18.834 17.5159 18.8335 17.5159 17.1372ZM23.2078 17.1372C23.2078 15.4409 25.6911 15.4404 25.6911 17.1372C25.6911 18.834 23.2078 18.834 23.2078 17.1372ZM17.2209 20.5889C17.053 19.7617 18.3039 19.5059 18.4719 20.3345L18.4748 20.3481C18.677 21.394 19.9324 22.4966 21.6057 22.4512C23.3479 22.4053 24.4988 21.3667 24.7361 20.3628C24.9538 19.5791 26.1326 19.8569 25.9797 20.6558C25.7244 21.7388 24.4558 23.6831 21.5139 23.7271C19.4363 23.7271 17.5647 22.3677 17.2219 20.5898L17.2209 20.5889Z\" fill=\"#179E96\"><\/path><\/g><defs><clipPath id=\"clip0_2197_427\"><rect width=\"24\" height=\"24\" fill=\"white\" transform=\"translate(8 8)\"><\/rect><\/clipPath><\/defs><\/svg>\t\t\t\t\t<\/a>\n\t\t\t\t<\/span>\n\t\t\t\t\t<\/div>\n\t\t\t\t\t\t<\/div>\n\t\t\t\t<\/div>\n\t\t\t\t\t<\/div>\n\t\t\t\t<\/div>\n\t\t\t\t<\/div>\n\t\t<div class=\"elementor-element elementor-element-878829a e-con-full e-flex e-con e-child\" data-id=\"878829a\" data-element_type=\"container\" data-e-type=\"container\">\n\t\t\t\t<div class=\"elementor-element elementor-element-743a97a elementor-button-align-stretch elementor-widget elementor-widget-form\" data-id=\"743a97a\" data-element_type=\"widget\" data-e-type=\"widget\" data-settings=\"{&quot;step_next_label&quot;:&quot;Next&quot;,&quot;step_previous_label&quot;:&quot;Previous&quot;,&quot;button_width&quot;:&quot;100&quot;,&quot;step_type&quot;:&quot;number_text&quot;,&quot;step_icon_shape&quot;:&quot;circle&quot;}\" data-widget_type=\"form.default\">\n\t\t\t\t<div class=\"elementor-widget-container\">\n\t\t\t\t\t\t\t<form class=\"elementor-form\" method=\"post\" name=\"New Form\">\n\t\t\t<input type=\"hidden\" name=\"post_id\" value=\"279\"\/>\n\t\t\t<input type=\"hidden\" name=\"form_id\" value=\"743a97a\"\/>\n\t\t\t<input type=\"hidden\" name=\"referer_title\" value=\"Contato | Ddent cl\u00ednica odontol\u00f3gica em S\u00e3o Paulo\" \/>\n\n\t\t\t\t\t\t\t<input type=\"hidden\" name=\"queried_id\" value=\"279\"\/>\n\t\t\t\n\t\t\t<div class=\"elementor-form-fields-wrapper elementor-labels-above\">\n\t\t\t\t\t\t\t\t<div class=\"elementor-field-type-text elementor-field-group elementor-column elementor-field-group-nome elementor-col-100\">\n\t\t\t\t\t\t\t\t\t\t\t\t<label for=\"form-field-nome\" class=\"elementor-field-label\">\n\t\t\t\t\t\t\t\tNome\t\t\t\t\t\t\t<\/label>\n\t\t\t\t\t\t\t\t\t\t\t\t\t\t<input size=\"1\" type=\"text\" name=\"form_fields[nome]\" id=\"form-field-nome\" class=\"elementor-field elementor-size-sm  elementor-field-textual\" placeholder=\"Nome\">\n\t\t\t\t\t\t\t\t\t\t\t<\/div>\n\t\t\t\t\t\t\t\t<div class=\"elementor-field-type-email elementor-field-group elementor-column elementor-field-group-email elementor-col-100 elementor-field-required\">\n\t\t\t\t\t\t\t\t\t\t\t\t<label for=\"form-field-email\" class=\"elementor-field-label\">\n\t\t\t\t\t\t\t\tE-mail\t\t\t\t\t\t\t<\/label>\n\t\t\t\t\t\t\t\t\t\t\t\t\t\t<input size=\"1\" type=\"email\" name=\"form_fields[email]\" id=\"form-field-email\" class=\"elementor-field elementor-size-sm  elementor-field-textual\" placeholder=\"E-mail\" required=\"required\">\n\t\t\t\t\t\t\t\t\t\t\t<\/div>\n\t\t\t\t\t\t\t\t<div class=\"elementor-field-type-tel elementor-field-group elementor-column elementor-field-group-tel elementor-col-100 elementor-field-required\">\n\t\t\t\t\t\t\t\t\t\t\t\t<label for=\"form-field-tel\" class=\"elementor-field-label\">\n\t\t\t\t\t\t\t\tTelefone\t\t\t\t\t\t\t<\/label>\n\t\t\t\t\t\t\t\t<input size=\"1\" type=\"tel\" name=\"form_fields[tel]\" id=\"form-field-tel\" class=\"elementor-field elementor-size-sm  elementor-field-textual\" placeholder=\"(00) 00000-0000\" required=\"required\" pattern=\"[0-9()#&amp;+*-=.]+\" title=\"Only numbers and phone characters (#, -, *, etc) are accepted.\">\n\n\t\t\t\t\t\t<\/div>\n\t\t\t\t\t\t\t\t<div class=\"elementor-field-type-text elementor-field-group elementor-column elementor-field-group-assunto elementor-col-100 elementor-field-required\">\n\t\t\t\t\t\t\t\t\t\t\t\t<label for=\"form-field-assunto\" class=\"elementor-field-label\">\n\t\t\t\t\t\t\t\tAssunto\t\t\t\t\t\t\t<\/label>\n\t\t\t\t\t\t\t\t\t\t\t\t\t\t<input size=\"1\" type=\"text\" name=\"form_fields[assunto]\" id=\"form-field-assunto\" class=\"elementor-field elementor-size-sm  elementor-field-textual\" placeholder=\"Assunto da mensagem\" required=\"required\">\n\t\t\t\t\t\t\t\t\t\t\t<\/div>\n\t\t\t\t\t\t\t\t<div class=\"elementor-field-type-textarea elementor-field-group elementor-column elementor-field-group-mensagem elementor-col-100\">\n\t\t\t\t\t\t\t\t\t\t\t\t<label for=\"form-field-mensagem\" class=\"elementor-field-label\">\n\t\t\t\t\t\t\t\tMensagem\t\t\t\t\t\t\t<\/label>\n\t\t\t\t\t\t<textarea class=\"elementor-field-textual elementor-field  elementor-size-sm\" name=\"form_fields[mensagem]\" id=\"form-field-mensagem\" rows=\"4\" placeholder=\"Deixe sua mensagem \"><\/textarea>\t\t\t\t<\/div>\n\t\t\t\t\t\t\t\t<div class=\"elementor-field-type-recaptcha_v3 elementor-field-group elementor-column elementor-field-group-field_861c953 elementor-col-100 recaptcha_v3-bottomright\">\n\t\t\t\t\t<div class=\"elementor-field\" id=\"form-field-field_861c953\"><div class=\"elementor-g-recaptcha\" data-sitekey=\"6LfMs_0pAAAAAC4GnEXr--C27O9MnQFJUz2ZIEop\" data-type=\"v3\" data-action=\"Form\" data-badge=\"bottomright\" data-size=\"invisible\"><\/div><\/div>\t\t\t\t<\/div>\n\t\t\t\t\t\t\t\t<div class=\"elementor-field-group elementor-column elementor-field-type-submit elementor-col-100 e-form__buttons\">\n\t\t\t\t\t<button class=\"elementor-button elementor-size-lg\" type=\"submit\">\n\t\t\t\t\t\t<span class=\"elementor-button-content-wrapper\">\n\t\t\t\t\t\t\t\t\t\t\t\t\t\t\t<span class=\"elementor-button-icon\">\n\t\t\t\t\t\t\t\t\t<svg aria-hidden=\"true\" class=\"e-font-icon-svg e-far-paper-plane\" viewBox=\"0 0 512 512\" xmlns=\"http:\/\/www.w3.org\/2000\/svg\"><path d=\"M440 6.5L24 246.4c-34.4 19.9-31.1 70.8 5.7 85.9L144 379.6V464c0 46.4 59.2 65.5 86.6 28.6l43.8-59.1 111.9 46.2c5.9 2.4 12.1 3.6 18.3 3.6 8.2 0 16.3-2.1 23.6-6.2 12.8-7.2 21.6-20 23.9-34.5l59.4-387.2c6.1-40.1-36.9-68.8-71.5-48.9zM192 464v-64.6l36.6 15.1L192 464zm212.6-28.7l-153.8-63.5L391 169.5c10.7-15.5-9.5-33.5-23.7-21.2L155.8 332.6 48 288 464 48l-59.4 387.3z\"><\/path><\/svg>\t\t\t\t\t\t\t\t\t\t\t\t\t\t\t\t\t<\/span>\n\t\t\t\t\t\t\t\t\t\t\t\t\t\t\t\t\t\t\t\t\t\t<span class=\"elementor-button-text\">Enviar mensagem<\/span>\n\t\t\t\t\t\t\t\t\t\t\t\t\t<\/span>\n\t\t\t\t\t<\/button>\n\t\t\t\t<\/div>\n\t\t\t<\/div>\n\t\t<\/form>\n\t\t\t\t\t\t<\/div>\n\t\t\t\t<\/div>\n\t\t\t\t<\/div>\n\t\t\t\t<div class=\"elementor-element elementor-element-a257961 elementor-widget elementor-widget-google_maps\" data-id=\"a257961\" data-element_type=\"widget\" data-e-type=\"widget\" data-widget_type=\"google_maps.default\">\n\t\t\t\t<div class=\"elementor-widget-container\">\n\t\t\t\t\t\t\t<div class=\"elementor-custom-embed\">\n\t\t\t<iframe loading=\"lazy\"\n\t\t\t\t\tsrc=\"https:\/\/maps.google.com\/maps?q=R.%20Embiru%C3%A7%C3%BA%2C%20678%20-%20Vila%20Beatriz%2C%20S%C3%A3o%20Paulo%20-%20SP%2C%2003644-000&#038;t=m&#038;z=15&#038;output=embed&#038;iwloc=near\"\n\t\t\t\t\ttitle=\"R. Embiru\u00e7\u00fa, 678 - Vila Beatriz, S\u00e3o Paulo - SP, 03644-000\"\n\t\t\t\t\taria-label=\"R. Embiru\u00e7\u00fa, 678 - Vila Beatriz, S\u00e3o Paulo - SP, 03644-000\"\n\t\t\t><\/iframe>\n\t\t<\/div>\n\t\t\t\t\t\t<\/div>\n\t\t\t\t<\/div>\n\t\t\t\t\t<\/div>\n\t\t\t\t<\/div>\n\t\t\t\t\t<\/div>\n\t\t\t\t<\/div>\n\t\t\t\t<\/div>\n\t\t","protected":false},"excerpt":{"rendered":"<p>Entre em contato e tire suas d\u00favidas (11) 2682-7735 | (11) 2682-0871 (11) 2682-7735 | (11) 2682-0871 (11) 94913-5700 contato@ddent.com.br Encontre aqui o trajeto ideal para a Cl\u00ednica DDent de onde voc\u00ea estiver.<\/p>\n","protected":false},"author":1,"featured_media":0,"parent":0,"menu_order":0,"comment_status":"closed","ping_status":"closed","template":"","meta":{"nf_dc_page":"","footnotes":""},"class_list":["post-279","page","type-page","status-publish","hentry"],"_links":{"self":[{"href":"https:\/\/ddent.com.br\/clinica\/wp-json\/wp\/v2\/pages\/279","targetHints":{"allow":["GET"]}}],"collection":[{"href":"https:\/\/ddent.com.br\/clinica\/wp-json\/wp\/v2\/pages"}],"about":[{"href":"https:\/\/ddent.com.br\/clinica\/wp-json\/wp\/v2\/types\/page"}],"author":[{"embeddable":true,"href":"https:\/\/ddent.com.br\/clinica\/wp-json\/wp\/v2\/users\/1"}],"replies":[{"embeddable":true,"href":"https:\/\/ddent.com.br\/clinica\/wp-json\/wp\/v2\/comments?post=279"}],"version-history":[{"count":5,"href":"https:\/\/ddent.com.br\/clinica\/wp-json\/wp\/v2\/pages\/279\/revisions"}],"predecessor-version":[{"id":953,"href":"https:\/\/ddent.com.br\/clinica\/wp-json\/wp\/v2\/pages\/279\/revisions\/953"}],"wp:attachment":[{"href":"https:\/\/ddent.com.br\/clinica\/wp-json\/wp\/v2\/media?parent=279"}],"curies":[{"name":"wp","href":"https:\/\/api.w.org\/{rel}","templated":true}]}}