{"id":671,"date":"2024-06-20T18:15:51","date_gmt":"2024-06-20T18:15:51","guid":{"rendered":"https:\/\/ddent.com.br\/clinica\/?page_id=671"},"modified":"2024-06-20T18:43:27","modified_gmt":"2024-06-20T18:43:27","slug":"politica-de-privacidade","status":"publish","type":"page","link":"https:\/\/ddent.com.br\/clinica\/politica-de-privacidade\/","title":{"rendered":"Pol\u00edtica de Privacidade"},"content":{"rendered":"\t\t<div data-elementor-type=\"wp-page\" data-elementor-id=\"671\" class=\"elementor elementor-671\" data-elementor-post-type=\"page\">\n\t\t\t\t<div class=\"elementor-element elementor-element-48f76a9 e-flex e-con-boxed e-con e-parent\" data-id=\"48f76a9\" data-element_type=\"container\" data-e-type=\"container\">\n\t\t\t\t\t<div class=\"e-con-inner\">\n\t\t\t\t<div class=\"elementor-element elementor-element-2f18bcf elementor-widget elementor-widget-html\" data-id=\"2f18bcf\" data-element_type=\"widget\" data-e-type=\"widget\" data-widget_type=\"html.default\">\n\t\t\t\t<div class=\"elementor-widget-container\">\n\t\t\t\t\t<h1 class=\"privacy-policy-h1\">Pol\u00edtica de Privacidade\r\n<\/h1>\r\n<br><p>\u00daltima Atualiza\u00e7\u00e3o em 20\/06\/2024<br><span>Data de Vig\u00eancia 20\/06\/2024<\/span><\/p>\r\n\r\n&nbsp;\r\n\r\n<p class=\"privacy-policy-p\">\r\n    Esta Pol\u00edtica de Privacidade descreve as pol\u00edticas da\r\n\r\n    DDent Odontologia,\r\n    R. Embiru\u00e7\u00fa, 678 - Vila Beatriz,\r\n    S\u00e3o Paulo - SP\r\n    03644-000,\r\n    Brasil,\r\n    email: contato@ddent.com.br,\r\n    telefone: (11) 98784-7955\r\n\r\n    sobre a coleta,\r\n    uso e divulga\u00e7\u00e3o de suas informa\u00e7\u00f5es que coletamos\r\n    quando voc\u00ea usa nosso site (https:\/\/ddent.com.br\/).\r\n    (o \u201cServi\u00e7o\u201d). Ao acessar ou usar\r\n    o\r\n    Servi\u00e7o, voc\u00ea consente com a coleta, uso e\r\n    divulga\u00e7\u00e3o de suas informa\u00e7\u00f5es de acordo com esta\r\n    Pol\u00edtica de Privacidade. Se voc\u00ea n\u00e3o concorda com o mesmo,\r\n    por favor, n\u00e3o acesse ou use o Servi\u00e7o.\r\n<\/p>&nbsp;\r\n\r\n<p class=\"privacy-policy-p\">\r\n    Podemos modificar esta Pol\u00edtica de Privacidade a qualquer momento, sem\r\n    aviso pr\u00e9vio, e publicaremos a Pol\u00edtica de Privacidade revisada\r\n    no Servi\u00e7o. A Pol\u00edtica revisada\r\n    entrar\u00e1 em vigor 180 dias ap\u00f3s a\r\n    postagem no Servi\u00e7o, e seu\r\n    acesso ou uso cont\u00ednuo do Servi\u00e7o ap\u00f3s esse tempo\r\n    constituir\u00e1 sua aceita\u00e7\u00e3o da Pol\u00edtica de Privacidade revisada. Portanto, recomendamos que voc\u00ea revise esta p\u00e1gina periodicamente.\r\n<\/p>\r\n&nbsp;\r\n<h5 class=\"privacy-policy-h2\">\r\n            Como Usamos Suas Informa\u00e7\u00f5es:\r\n        <\/h5>\r\n        <p class=\"privacy-policy-p\">\r\n            Usaremos as informa\u00e7\u00f5es que coletamos\r\n            sobre voc\u00ea para os seguintes prop\u00f3sitos:\r\n        <\/p>\r\n        <ol class=\"privacy-policy-ol\">\r\n            <li>Marketing\/Promocional<\/li>\r\n            <li>Publicidade direcionada<\/li>\r\n        <\/ol>\r\n        <p class=\"privacy-policy-p\">\r\n            Se quisermos usar suas informa\u00e7\u00f5es para qualquer outra\r\n            finalidade, solicitaremos seu consentimento e\r\n            usaremos suas informa\u00e7\u00f5es apenas ao receber seu\r\n            consentimento e, ent\u00e3o, apenas para a(s) finalidade(s) para\r\n            as quais foi concedido consentimento, a menos que sejamos obrigados a fazer\r\n            de outra forma por lei.\r\n        <\/p>\r\n        &nbsp;\r\n        <h5 class=\"privacy-policy-h2\">\r\n            Seus Direitos:\r\n        <\/h5>\r\n        <p class=\"privacy-policy-p\">\r\n            Dependendo da lei aplic\u00e1vel, voc\u00ea pode ter\r\n            o direito de acessar, retificar ou apagar seus\r\n            dados pessoais ou receber uma c\u00f3pia dos seus dados pessoais, restringir ou se opor ao processamento ativo de seus dados, solicitar que compartilhemos (portabilidade)\r\n            suas informa\u00e7\u00f5es pessoais para outra entidade,\r\n            retirar qualquer consentimento que voc\u00ea nos deu para\r\n            processar seus dados, o direito de apresentar uma reclama\u00e7\u00e3o\r\n            a uma autoridade regulamentadora e outros direitos\r\n            relevantes de acordo com as leis aplic\u00e1veis. Para\r\n            exercer esses direitos, voc\u00ea pode nos escrever para\r\n            contato@ddent.com.br.\r\n            Responderemos \u00e0 sua\r\n            solicita\u00e7\u00e3o de acordo com a lei aplic\u00e1vel.\r\n        <\/p>\r\n&nbsp;\r\n        <p class=\"privacy-policy-p\">\r\n            Observe que, se voc\u00ea n\u00e3o nos permitir coletar\r\n            ou processar as informa\u00e7\u00f5es pessoais necess\u00e1rias ou\r\n            retirar o consentimento para processar as mesmas para as\r\n            finalidades necess\u00e1rias, voc\u00ea pode n\u00e3o conseguir acessar\r\n            ou usar os servi\u00e7os para os quais suas informa\u00e7\u00f5es\r\n            foram solicitadas.\r\n        <\/p>\r\n        &nbsp;\r\n         <h5 class=\"privacy-policy-h2\">\r\n            Cookies e Outros.\r\n        <\/h5>\r\n        <p class=\"privacy-policy-p\">\r\n            Para saber mais sobre como usamos esses\r\n            e suas op\u00e7\u00f5es em rela\u00e7\u00e3o a essas tecnologias de rastreamento, consulte nossa\r\n            <a href=\"https:\/\/ddent.com.br\/clinica\/politica-de-privacidade\">Pol\u00edtica de Cookies.<\/a>\r\n        <\/p>\r\n        &nbsp;\r\n        <h5 class=\"privacy-policy-h2\">\r\n            Seguran\u00e7a:\r\n        <\/h5>\r\n        <p class=\"privacy-policy-p\">\r\n            A seguran\u00e7a das suas informa\u00e7\u00f5es \u00e9 importante para\r\n            n\u00f3s e usaremos medidas de seguran\u00e7a razo\u00e1veis\r\n            para prevenir a perda, uso indevido ou altera\u00e7\u00e3o n\u00e3o autorizada\r\n            das suas informa\u00e7\u00f5es sob nosso\r\n            controle. No entanto, dados os riscos inerentes, n\u00e3o\r\n            podemos garantir seguran\u00e7a absoluta e,\r\n            consequentemente, n\u00e3o podemos assegurar ou garantir a\r\n            seguran\u00e7a de qualquer informa\u00e7\u00e3o que voc\u00ea transmita para n\u00f3s,\r\n            e voc\u00ea o faz por sua pr\u00f3pria conta e risco.\r\n        <\/p>\r\n         &nbsp;\r\n        <h5 class=\"privacy-policy-h2\">\r\n            Links de Terceiros & Uso de Suas Informa\u00e7\u00f5es:\r\n        <\/h5>\r\n        <p class=\"privacy-policy-p\">\r\n            Nosso Servi\u00e7o pode conter links para outros sites\r\n            que n\u00e3o s\u00e3o operados por n\u00f3s. Esta Pol\u00edtica de Privacidade\r\n            n\u00e3o abrange a pol\u00edtica de privacidade e outras\r\n            pr\u00e1ticas de terceiros, incluindo qualquer\r\n            terceiro que opere qualquer site ou servi\u00e7o\r\n            que possa ser acessado por meio de um link no\r\n            Servi\u00e7o. Aconselhamos fortemente que voc\u00ea reveja a\r\n            pol\u00edtica de privacidade de cada site que visitar. N\u00e3o temos\r\n            controle sobre e n\u00e3o assumimos responsabilidade pelo\r\n            conte\u00fado, pol\u00edticas de privacidade ou pr\u00e1ticas de\r\n            sites ou servi\u00e7os de terceiros.\r\n        <\/p>\r\n        &nbsp;\r\n        <h5 class=\"privacy-policy-h2\">\r\n            Oficial de Prote\u00e7\u00e3o de Dados \/ Queixas:\r\n        <\/h5>\r\n        <p class=\"privacy-policy-p\">\r\n            Se voc\u00ea tiver alguma d\u00favida ou preocupa\u00e7\u00e3o sobre o\r\n            processamento de suas informa\u00e7\u00f5es que est\u00e1 dispon\u00edvel\r\n            conosco, voc\u00ea pode enviar um email para nosso Oficial de Queixas em\r\n            DDent Odontologia,\r\n            R. Embiru\u00e7\u00fa, 678 - Vila Beatriz,\r\n            email: contato@ddent.com.br.\r\n            Abordaremos suas preocupa\u00e7\u00f5es de acordo com a lei aplic\u00e1vel.\r\n        <\/p>\r\n\t\t\t\t<\/div>\n\t\t\t\t<\/div>\n\t\t\t\t\t<\/div>\n\t\t\t\t<\/div>\n\t\t\t\t<\/div>\n\t\t","protected":false},"excerpt":{"rendered":"<p>Pol\u00edtica de Privacidade \u00daltima Atualiza\u00e7\u00e3o em 20\/06\/2024Data de Vig\u00eancia 20\/06\/2024 &nbsp; Esta Pol\u00edtica de Privacidade descreve as pol\u00edticas da DDent Odontologia, R. Embiru\u00e7\u00fa, 678 &#8211; Vila Beatriz, S\u00e3o Paulo &#8211; SP 03644-000, Brasil, email: contato@ddent.com.br, telefone: (11) 98784-7955 sobre a coleta, uso e divulga\u00e7\u00e3o de suas informa\u00e7\u00f5es que coletamos quando voc\u00ea usa nosso site (https:\/\/ddent.com.br\/). [&hellip;]<\/p>\n","protected":false},"author":1,"featured_media":0,"parent":0,"menu_order":0,"comment_status":"closed","ping_status":"closed","template":"","meta":{"nf_dc_page":"","footnotes":""},"class_list":["post-671","page","type-page","status-publish","hentry"],"_links":{"self":[{"href":"https:\/\/ddent.com.br\/clinica\/wp-json\/wp\/v2\/pages\/671","targetHints":{"allow":["GET"]}}],"collection":[{"href":"https:\/\/ddent.com.br\/clinica\/wp-json\/wp\/v2\/pages"}],"about":[{"href":"https:\/\/ddent.com.br\/clinica\/wp-json\/wp\/v2\/types\/page"}],"author":[{"embeddable":true,"href":"https:\/\/ddent.com.br\/clinica\/wp-json\/wp\/v2\/users\/1"}],"replies":[{"embeddable":true,"href":"https:\/\/ddent.com.br\/clinica\/wp-json\/wp\/v2\/comments?post=671"}],"version-history":[{"count":5,"href":"https:\/\/ddent.com.br\/clinica\/wp-json\/wp\/v2\/pages\/671\/revisions"}],"predecessor-version":[{"id":683,"href":"https:\/\/ddent.com.br\/clinica\/wp-json\/wp\/v2\/pages\/671\/revisions\/683"}],"wp:attachment":[{"href":"https:\/\/ddent.com.br\/clinica\/wp-json\/wp\/v2\/media?parent=671"}],"curies":[{"name":"wp","href":"https:\/\/api.w.org\/{rel}","templated":true}]}}