{"id":823,"date":"2025-05-23T14:56:39","date_gmt":"2025-05-23T14:56:39","guid":{"rendered":"https:\/\/ddent.com.br\/clinica\/?page_id=823"},"modified":"2025-05-23T16:09:00","modified_gmt":"2025-05-23T16:09:00","slug":"proteses","status":"publish","type":"page","link":"https:\/\/ddent.com.br\/clinica\/especialidades\/proteses\/","title":{"rendered":"Pr\u00f3teses"},"content":{"rendered":"\t\t<div data-elementor-type=\"wp-page\" data-elementor-id=\"823\" class=\"elementor elementor-823\" data-elementor-post-type=\"page\">\n\t\t\t\t<div class=\"elementor-element elementor-element-2d0a315 e-flex e-con-boxed e-con e-parent\" data-id=\"2d0a315\" data-element_type=\"container\" data-e-type=\"container\" data-settings=\"{&quot;background_background&quot;:&quot;classic&quot;}\">\n\t\t\t\t\t<div class=\"e-con-inner\">\n\t\t\t\t\t<\/div>\n\t\t\t\t<\/div>\n\t\t<div class=\"elementor-element elementor-element-4d51cea e-flex e-con-boxed e-con e-parent\" data-id=\"4d51cea\" data-element_type=\"container\" data-e-type=\"container\" data-settings=\"{&quot;background_background&quot;:&quot;classic&quot;}\">\n\t\t\t\t\t<div class=\"e-con-inner\">\n\t\t<div class=\"elementor-element elementor-element-310c262 e-con-full e-flex e-con e-child\" data-id=\"310c262\" data-element_type=\"container\" data-e-type=\"container\">\n\t\t\t\t<div class=\"elementor-element elementor-element-1a14780 elementor-widget elementor-widget-heading\" data-id=\"1a14780\" data-element_type=\"widget\" data-e-type=\"widget\" data-widget_type=\"heading.default\">\n\t\t\t\t<div class=\"elementor-widget-container\">\n\t\t\t\t\t<h2 class=\"elementor-heading-title elementor-size-default\">Restaure seu sorriso, fun\u00e7\u00e3o mastigat\u00f3ria e confian\u00e7a<\/h2>\t\t\t\t<\/div>\n\t\t\t\t<\/div>\n\t\t\t\t<div class=\"elementor-element elementor-element-f8208db elementor-widget elementor-widget-text-editor\" data-id=\"f8208db\" data-element_type=\"widget\" data-e-type=\"widget\" data-widget_type=\"text-editor.default\">\n\t\t\t\t<div class=\"elementor-widget-container\">\n\t\t\t\t\t\t\t\t\t<p data-start=\"366\" data-end=\"707\">As <strong data-start=\"289\" data-end=\"311\">pr\u00f3teses dent\u00e1rias<\/strong> s\u00e3o solu\u00e7\u00f5es eficazes e acess\u00edveis para substituir dentes ausentes, recuperar a <strong data-start=\"392\" data-end=\"415\">fun\u00e7\u00e3o mastigat\u00f3ria<\/strong> e restaurar a <strong data-start=\"430\" data-end=\"453\">est\u00e9tica do sorriso<\/strong>. Com uma ampla variedade de op\u00e7\u00f5es, \u00e9 poss\u00edvel personalizar o tratamento de acordo com as necessidades de cada paciente, proporcionando conforto, funcionalidade e harmonia bucal.<\/p>\t\t\t\t\t\t\t\t<\/div>\n\t\t\t\t<\/div>\n\t\t\t\t<div class=\"elementor-element elementor-element-78a0456 elementor-widget elementor-widget-heading\" data-id=\"78a0456\" data-element_type=\"widget\" data-e-type=\"widget\" data-widget_type=\"heading.default\">\n\t\t\t\t<div class=\"elementor-widget-container\">\n\t\t\t\t\t<h2 class=\"elementor-heading-title elementor-size-default\">Tipos de pr\u00f3teses dent\u00e1rias<\/h2>\t\t\t\t<\/div>\n\t\t\t\t<\/div>\n\t\t\t\t<div class=\"elementor-element elementor-element-032d230 elementor-widget elementor-widget-text-editor\" data-id=\"032d230\" data-element_type=\"widget\" data-e-type=\"widget\" data-widget_type=\"text-editor.default\">\n\t\t\t\t<div class=\"elementor-widget-container\">\n\t\t\t\t\t\t\t\t\t<p data-start=\"667\" data-end=\"745\">Na Ddent, oferecemos diversas alternativas para reabilita\u00e7\u00e3o oral:<\/p><p data-start=\"747\" data-end=\"1193\">\ud83e\uddb7 <strong data-start=\"750\" data-end=\"779\">Pr\u00f3tese parcial remov\u00edvel<\/strong> \u2013 Ideal para quem perdeu apenas alguns dentes e busca uma solu\u00e7\u00e3o pr\u00e1tica e econ\u00f4mica.<br data-start=\"866\" data-end=\"869\" \/>\ud83e\uddb7 <strong data-start=\"872\" data-end=\"901\">Pr\u00f3tese total (dentadura)<\/strong> \u2013 Indicada para pacientes desdentados que precisam de uma substitui\u00e7\u00e3o completa.<br data-start=\"982\" data-end=\"985\" \/>\ud83e\uddb7 <strong data-start=\"988\" data-end=\"1020\">Pr\u00f3tese fixa sobre implantes<\/strong> \u2013 Alta estabilidade e conforto, sem a necessidade de remo\u00e7\u00e3o.<br data-start=\"1082\" data-end=\"1085\" \/>\ud83e\uddb7 <strong data-start=\"1088\" data-end=\"1117\">Protocolo sobre implantes<\/strong> \u2013 Reabilita\u00e7\u00e3o total fixa com apar\u00eancia natural e excelente funcionalidade.<\/p>\t\t\t\t\t\t\t\t<\/div>\n\t\t\t\t<\/div>\n\t\t\t\t<div class=\"elementor-element elementor-element-0864c73 elementor-widget elementor-widget-heading\" data-id=\"0864c73\" data-element_type=\"widget\" data-e-type=\"widget\" data-widget_type=\"heading.default\">\n\t\t\t\t<div class=\"elementor-widget-container\">\n\t\t\t\t\t<h2 class=\"elementor-heading-title elementor-size-default\">Benef\u00edcios das pr\u00f3teses dent\u00e1rias<\/h2>\t\t\t\t<\/div>\n\t\t\t\t<\/div>\n\t\t\t\t<div class=\"elementor-element elementor-element-ed95373 elementor-widget elementor-widget-text-editor\" data-id=\"ed95373\" data-element_type=\"widget\" data-e-type=\"widget\" data-widget_type=\"text-editor.default\">\n\t\t\t\t<div class=\"elementor-widget-container\">\n\t\t\t\t\t\t\t\t\t<p data-start=\"1234\" data-end=\"1471\">\u2705 Recupera\u00e7\u00e3o da <strong data-start=\"1251\" data-end=\"1284\">fun\u00e7\u00e3o mastigat\u00f3ria e da fala<\/strong><br data-start=\"1284\" data-end=\"1287\" \/>\u2705 Restaura\u00e7\u00e3o da <strong data-start=\"1304\" data-end=\"1327\">est\u00e9tica do sorriso<\/strong><br data-start=\"1327\" data-end=\"1330\" \/>\u2705 Preven\u00e7\u00e3o de altera\u00e7\u00f5es \u00f3sseas e faciais<br data-start=\"1372\" data-end=\"1375\" \/>\u2705 Melhora significativa na <strong data-start=\"1402\" data-end=\"1423\">qualidade de vida<\/strong><br data-start=\"1423\" data-end=\"1426\" \/>\u2705 Solu\u00e7\u00f5es modernas com <strong data-start=\"1450\" data-end=\"1471\">apar\u00eancia natural<\/strong><\/p><p data-start=\"1473\" data-end=\"1642\">Al\u00e9m da substitui\u00e7\u00e3o dos dentes, algumas pr\u00f3teses tamb\u00e9m permitem a <strong data-start=\"1541\" data-end=\"1590\">reconstru\u00e7\u00e3o de gengivas e ossos deteriorados<\/strong>, oferecendo resultados mais completos e duradouros.<\/p>\t\t\t\t\t\t\t\t<\/div>\n\t\t\t\t<\/div>\n\t\t\t\t<div class=\"elementor-element elementor-element-ce1b68d elementor-widget elementor-widget-heading\" data-id=\"ce1b68d\" data-element_type=\"widget\" data-e-type=\"widget\" data-widget_type=\"heading.default\">\n\t\t\t\t<div class=\"elementor-widget-container\">\n\t\t\t\t\t<h2 class=\"elementor-heading-title elementor-size-default\">Avan\u00e7os que garantem conforto e naturalidade<\/h2>\t\t\t\t<\/div>\n\t\t\t\t<\/div>\n\t\t\t\t<div class=\"elementor-element elementor-element-f5d3c07 elementor-widget elementor-widget-text-editor\" data-id=\"f5d3c07\" data-element_type=\"widget\" data-e-type=\"widget\" data-widget_type=\"text-editor.default\">\n\t\t\t\t<div class=\"elementor-widget-container\">\n\t\t\t\t\t\t\t\t\t<p data-start=\"1050\" data-end=\"1265\">Com o uso de <strong data-start=\"1707\" data-end=\"1751\">materiais modernos e tecnologia de ponta<\/strong>, as pr\u00f3teses dent\u00e1rias atuais proporcionam um encaixe preciso, est\u00e9tica avan\u00e7ada e maior durabilidade, devolvendo ao paciente a <strong data-start=\"1880\" data-end=\"1932\">confian\u00e7a e seguran\u00e7a de sorrir sem preocupa\u00e7\u00f5es<\/strong>.<\/p>\t\t\t\t\t\t\t\t<\/div>\n\t\t\t\t<\/div>\n\t\t\t\t<\/div>\n\t\t<div class=\"elementor-element elementor-element-8f79248 e-con-full e-flex e-con e-child\" data-id=\"8f79248\" data-element_type=\"container\" data-e-type=\"container\">\n\t\t\t\t<div class=\"elementor-element elementor-element-1e74aee elementor-widget elementor-widget-image\" data-id=\"1e74aee\" data-element_type=\"widget\" data-e-type=\"widget\" data-widget_type=\"image.default\">\n\t\t\t\t<div class=\"elementor-widget-container\">\n\t\t\t\t\t\t\t\t\t\t\t\t\t\t\t<img fetchpriority=\"high\" decoding=\"async\" width=\"1452\" height=\"804\" src=\"https:\/\/ddent.com.br\/clinica\/wp-content\/uploads\/2024\/07\/ab479cbc-2293-419e-a9be-72a7f87d3a4d_Importancia-dos-dentes-Implante-dental.png\" class=\"attachment-full size-full wp-image-702\" alt=\"\" srcset=\"https:\/\/ddent.com.br\/clinica\/wp-content\/uploads\/2024\/07\/ab479cbc-2293-419e-a9be-72a7f87d3a4d_Importancia-dos-dentes-Implante-dental.png 1452w, https:\/\/ddent.com.br\/clinica\/wp-content\/uploads\/2024\/07\/ab479cbc-2293-419e-a9be-72a7f87d3a4d_Importancia-dos-dentes-Implante-dental-300x166.png 300w, https:\/\/ddent.com.br\/clinica\/wp-content\/uploads\/2024\/07\/ab479cbc-2293-419e-a9be-72a7f87d3a4d_Importancia-dos-dentes-Implante-dental-1024x567.png 1024w, https:\/\/ddent.com.br\/clinica\/wp-content\/uploads\/2024\/07\/ab479cbc-2293-419e-a9be-72a7f87d3a4d_Importancia-dos-dentes-Implante-dental-768x425.png 768w\" sizes=\"(max-width: 1452px) 100vw, 1452px\" \/>\t\t\t\t\t\t\t\t\t\t\t\t\t\t\t<\/div>\n\t\t\t\t<\/div>\n\t\t\t\t<\/div>\n\t\t\t\t\t<\/div>\n\t\t\t\t<\/div>\n\t\t<div class=\"elementor-element elementor-element-1244d46 e-flex e-con-boxed e-con e-parent\" data-id=\"1244d46\" data-element_type=\"container\" data-e-type=\"container\">\n\t\t\t\t\t<div class=\"e-con-inner\">\n\t\t<div class=\"elementor-element elementor-element-712c78c e-con-full e-flex e-con e-child\" data-id=\"712c78c\" data-element_type=\"container\" data-e-type=\"container\" data-settings=\"{&quot;background_background&quot;:&quot;classic&quot;}\">\n\t\t\t\t<div class=\"elementor-element elementor-element-19a914f elementor-widget elementor-widget-heading\" data-id=\"19a914f\" data-element_type=\"widget\" data-e-type=\"widget\" data-widget_type=\"heading.default\">\n\t\t\t\t<div class=\"elementor-widget-container\">\n\t\t\t\t\t<h2 class=\"elementor-heading-title elementor-size-default\">A solu\u00e7\u00e3o ideal para o seu sorriso est\u00e1 aqui<\/h2>\t\t\t\t<\/div>\n\t\t\t\t<\/div>\n\t\t\t\t<div class=\"elementor-element elementor-element-05330ad elementor-widget elementor-widget-heading\" data-id=\"05330ad\" data-element_type=\"widget\" data-e-type=\"widget\" data-widget_type=\"heading.default\">\n\t\t\t\t<div class=\"elementor-widget-container\">\n\t\t\t\t\t<h2 class=\"elementor-heading-title elementor-size-default\">Venha para a Cl\u00ednica DDent e receba um diagn\u00f3stico preciso que atenda a sua necessidade.<\/h2>\t\t\t\t<\/div>\n\t\t\t\t<\/div>\n\t\t\t\t<div class=\"elementor-element elementor-element-621b656 elementor-hidden-tablet elementor-hidden-mobile elementor-widget elementor-widget-button\" data-id=\"621b656\" data-element_type=\"widget\" data-e-type=\"widget\" data-widget_type=\"button.default\">\n\t\t\t\t<div class=\"elementor-widget-container\">\n\t\t\t\t\t\t\t\t\t<div class=\"elementor-button-wrapper\">\n\t\t\t\t\t<a class=\"elementor-button elementor-button-link elementor-size-sm\" href=\"https:\/\/web.whatsapp.com\/send?phone=5511987847955&#038;text=Ol\u00e1,%20vim%20pelo%20site%20e%20gostaria%20de%20marcar%20uma%20consulta\" target=\"_blank\" rel=\"noopener\">\n\t\t\t\t\t\t<span class=\"elementor-button-content-wrapper\">\n\t\t\t\t\t\t<span class=\"elementor-button-icon\">\n\t\t\t\t<svg aria-hidden=\"true\" class=\"e-font-icon-svg e-fab-whatsapp\" viewBox=\"0 0 448 512\" xmlns=\"http:\/\/www.w3.org\/2000\/svg\"><path d=\"M380.9 97.1C339 55.1 283.2 32 223.9 32c-122.4 0-222 99.6-222 222 0 39.1 10.2 77.3 29.6 111L0 480l117.7-30.9c32.4 17.7 68.9 27 106.1 27h.1c122.3 0 224.1-99.6 224.1-222 0-59.3-25.2-115-67.1-157zm-157 341.6c-33.2 0-65.7-8.9-94-25.7l-6.7-4-69.8 18.3L72 359.2l-4.4-7c-18.5-29.4-28.2-63.3-28.2-98.2 0-101.7 82.8-184.5 184.6-184.5 49.3 0 95.6 19.2 130.4 54.1 34.8 34.9 56.2 81.2 56.1 130.5 0 101.8-84.9 184.6-186.6 184.6zm101.2-138.2c-5.5-2.8-32.8-16.2-37.9-18-5.1-1.9-8.8-2.8-12.5 2.8-3.7 5.6-14.3 18-17.6 21.8-3.2 3.7-6.5 4.2-12 1.4-32.6-16.3-54-29.1-75.5-66-5.7-9.8 5.7-9.1 16.3-30.3 1.8-3.7.9-6.9-.5-9.7-1.4-2.8-12.5-30.1-17.1-41.2-4.5-10.8-9.1-9.3-12.5-9.5-3.2-.2-6.9-.2-10.6-.2-3.7 0-9.7 1.4-14.8 6.9-5.1 5.6-19.4 19-19.4 46.3 0 27.3 19.9 53.7 22.6 57.4 2.8 3.7 39.1 59.7 94.8 83.8 35.2 15.2 49 16.5 66.6 13.9 10.7-1.6 32.8-13.4 37.4-26.4 4.6-13 4.6-24.1 3.2-26.4-1.3-2.5-5-3.9-10.5-6.6z\"><\/path><\/svg>\t\t\t<\/span>\n\t\t\t\t\t\t\t\t\t<span class=\"elementor-button-text\">Agendar Consulta<\/span>\n\t\t\t\t\t<\/span>\n\t\t\t\t\t<\/a>\n\t\t\t\t<\/div>\n\t\t\t\t\t\t\t\t<\/div>\n\t\t\t\t<\/div>\n\t\t\t\t<div class=\"elementor-element elementor-element-d3a8070 elementor-hidden-desktop elementor-widget elementor-widget-button\" data-id=\"d3a8070\" data-element_type=\"widget\" data-e-type=\"widget\" data-widget_type=\"button.default\">\n\t\t\t\t<div class=\"elementor-widget-container\">\n\t\t\t\t\t\t\t\t\t<div class=\"elementor-button-wrapper\">\n\t\t\t\t\t<a class=\"elementor-button elementor-button-link elementor-size-sm\" href=\"https:\/\/api.whatsapp.com\/send?phone=5511987847955&#038;text=Ol\u00e1,%20vim%20pelo%20site%20e%20gostaria%20de%20marcar%20uma%20consulta\" target=\"_blank\" rel=\"noopener\">\n\t\t\t\t\t\t<span class=\"elementor-button-content-wrapper\">\n\t\t\t\t\t\t<span class=\"elementor-button-icon\">\n\t\t\t\t<svg aria-hidden=\"true\" class=\"e-font-icon-svg e-fab-whatsapp\" viewBox=\"0 0 448 512\" xmlns=\"http:\/\/www.w3.org\/2000\/svg\"><path d=\"M380.9 97.1C339 55.1 283.2 32 223.9 32c-122.4 0-222 99.6-222 222 0 39.1 10.2 77.3 29.6 111L0 480l117.7-30.9c32.4 17.7 68.9 27 106.1 27h.1c122.3 0 224.1-99.6 224.1-222 0-59.3-25.2-115-67.1-157zm-157 341.6c-33.2 0-65.7-8.9-94-25.7l-6.7-4-69.8 18.3L72 359.2l-4.4-7c-18.5-29.4-28.2-63.3-28.2-98.2 0-101.7 82.8-184.5 184.6-184.5 49.3 0 95.6 19.2 130.4 54.1 34.8 34.9 56.2 81.2 56.1 130.5 0 101.8-84.9 184.6-186.6 184.6zm101.2-138.2c-5.5-2.8-32.8-16.2-37.9-18-5.1-1.9-8.8-2.8-12.5 2.8-3.7 5.6-14.3 18-17.6 21.8-3.2 3.7-6.5 4.2-12 1.4-32.6-16.3-54-29.1-75.5-66-5.7-9.8 5.7-9.1 16.3-30.3 1.8-3.7.9-6.9-.5-9.7-1.4-2.8-12.5-30.1-17.1-41.2-4.5-10.8-9.1-9.3-12.5-9.5-3.2-.2-6.9-.2-10.6-.2-3.7 0-9.7 1.4-14.8 6.9-5.1 5.6-19.4 19-19.4 46.3 0 27.3 19.9 53.7 22.6 57.4 2.8 3.7 39.1 59.7 94.8 83.8 35.2 15.2 49 16.5 66.6 13.9 10.7-1.6 32.8-13.4 37.4-26.4 4.6-13 4.6-24.1 3.2-26.4-1.3-2.5-5-3.9-10.5-6.6z\"><\/path><\/svg>\t\t\t<\/span>\n\t\t\t\t\t\t\t\t\t<span class=\"elementor-button-text\">Agendar Consulta<\/span>\n\t\t\t\t\t<\/span>\n\t\t\t\t\t<\/a>\n\t\t\t\t<\/div>\n\t\t\t\t\t\t\t\t<\/div>\n\t\t\t\t<\/div>\n\t\t\t\t<\/div>\n\t\t\t\t\t<\/div>\n\t\t\t\t<\/div>\n\t\t\t\t<\/div>\n\t\t","protected":false},"excerpt":{"rendered":"<p>Restaure seu sorriso, fun\u00e7\u00e3o mastigat\u00f3ria e confian\u00e7a As pr\u00f3teses dent\u00e1rias s\u00e3o solu\u00e7\u00f5es eficazes e acess\u00edveis para substituir dentes ausentes, recuperar a fun\u00e7\u00e3o mastigat\u00f3ria e restaurar a est\u00e9tica do sorriso. Com uma ampla variedade de op\u00e7\u00f5es, \u00e9 poss\u00edvel personalizar o tratamento de acordo com as necessidades de cada paciente, proporcionando conforto, funcionalidade e harmonia bucal. Tipos [&hellip;]<\/p>\n","protected":false},"author":3,"featured_media":0,"parent":194,"menu_order":0,"comment_status":"closed","ping_status":"closed","template":"","meta":{"nf_dc_page":"","footnotes":""},"class_list":["post-823","page","type-page","status-publish","hentry"],"_links":{"self":[{"href":"https:\/\/ddent.com.br\/clinica\/wp-json\/wp\/v2\/pages\/823","targetHints":{"allow":["GET"]}}],"collection":[{"href":"https:\/\/ddent.com.br\/clinica\/wp-json\/wp\/v2\/pages"}],"about":[{"href":"https:\/\/ddent.com.br\/clinica\/wp-json\/wp\/v2\/types\/page"}],"author":[{"embeddable":true,"href":"https:\/\/ddent.com.br\/clinica\/wp-json\/wp\/v2\/users\/3"}],"replies":[{"embeddable":true,"href":"https:\/\/ddent.com.br\/clinica\/wp-json\/wp\/v2\/comments?post=823"}],"version-history":[{"count":5,"href":"https:\/\/ddent.com.br\/clinica\/wp-json\/wp\/v2\/pages\/823\/revisions"}],"predecessor-version":[{"id":885,"href":"https:\/\/ddent.com.br\/clinica\/wp-json\/wp\/v2\/pages\/823\/revisions\/885"}],"up":[{"embeddable":true,"href":"https:\/\/ddent.com.br\/clinica\/wp-json\/wp\/v2\/pages\/194"}],"wp:attachment":[{"href":"https:\/\/ddent.com.br\/clinica\/wp-json\/wp\/v2\/media?parent=823"}],"curies":[{"name":"wp","href":"https:\/\/api.w.org\/{rel}","templated":true}]}}