{"id":850,"date":"2025-05-23T15:42:44","date_gmt":"2025-05-23T15:42:44","guid":{"rendered":"https:\/\/ddent.com.br\/clinica\/?page_id=850"},"modified":"2025-05-23T15:54:42","modified_gmt":"2025-05-23T15:54:42","slug":"ortodontia-ortopedia","status":"publish","type":"page","link":"https:\/\/ddent.com.br\/clinica\/especialidades\/ortodontia-ortopedia\/","title":{"rendered":"Ortodontia e Ortopedia"},"content":{"rendered":"\t\t<div data-elementor-type=\"wp-page\" data-elementor-id=\"850\" class=\"elementor elementor-850\" data-elementor-post-type=\"page\">\n\t\t\t\t<div class=\"elementor-element elementor-element-2d0a315 e-flex e-con-boxed e-con e-parent\" data-id=\"2d0a315\" data-element_type=\"container\" data-e-type=\"container\" data-settings=\"{&quot;background_background&quot;:&quot;classic&quot;}\">\n\t\t\t\t\t<div class=\"e-con-inner\">\n\t\t\t\t\t<\/div>\n\t\t\t\t<\/div>\n\t\t<div class=\"elementor-element elementor-element-4d51cea e-flex e-con-boxed e-con e-parent\" data-id=\"4d51cea\" data-element_type=\"container\" data-e-type=\"container\" data-settings=\"{&quot;background_background&quot;:&quot;classic&quot;}\">\n\t\t\t\t\t<div class=\"e-con-inner\">\n\t\t<div class=\"elementor-element elementor-element-310c262 e-con-full e-flex e-con e-child\" data-id=\"310c262\" data-element_type=\"container\" data-e-type=\"container\">\n\t\t\t\t<div class=\"elementor-element elementor-element-1a14780 elementor-widget elementor-widget-heading\" data-id=\"1a14780\" data-element_type=\"widget\" data-e-type=\"widget\" data-widget_type=\"heading.default\">\n\t\t\t\t<div class=\"elementor-widget-container\">\n\t\t\t\t\t<h2 class=\"elementor-heading-title elementor-size-default\">Corrija o alinhamento dental e melhore a fun\u00e7\u00e3o e a est\u00e9tica do seu sorriso\n<\/h2>\t\t\t\t<\/div>\n\t\t\t\t<\/div>\n\t\t\t\t<div class=\"elementor-element elementor-element-f8208db elementor-widget elementor-widget-text-editor\" data-id=\"f8208db\" data-element_type=\"widget\" data-e-type=\"widget\" data-widget_type=\"text-editor.default\">\n\t\t\t\t<div class=\"elementor-widget-container\">\n\t\t\t\t\t\t\t\t\t<p data-start=\"366\" data-end=\"707\">A <strong data-start=\"353\" data-end=\"367\">Ortodontia<\/strong> \u00e9 a especialidade odontol\u00f3gica respons\u00e1vel por corrigir o <strong data-start=\"426\" data-end=\"452\">alinhamento dos dentes<\/strong> e a posi\u00e7\u00e3o dos <strong data-start=\"469\" data-end=\"488\">ossos maxilares<\/strong>, promovendo uma melhora significativa na est\u00e9tica, na <strong data-start=\"543\" data-end=\"566\">fun\u00e7\u00e3o mastigat\u00f3ria<\/strong> e na sa\u00fade bucal como um todo.<\/p>\t\t\t\t\t\t\t\t<\/div>\n\t\t\t\t<\/div>\n\t\t\t\t<div class=\"elementor-element elementor-element-78a0456 elementor-widget elementor-widget-heading\" data-id=\"78a0456\" data-element_type=\"widget\" data-e-type=\"widget\" data-widget_type=\"heading.default\">\n\t\t\t\t<div class=\"elementor-widget-container\">\n\t\t\t\t\t<h2 class=\"elementor-heading-title elementor-size-default\">Tratamentos ortod\u00f4nticos dispon\u00edveis\n<\/h2>\t\t\t\t<\/div>\n\t\t\t\t<\/div>\n\t\t\t\t<div class=\"elementor-element elementor-element-032d230 elementor-widget elementor-widget-text-editor\" data-id=\"032d230\" data-element_type=\"widget\" data-e-type=\"widget\" data-widget_type=\"text-editor.default\">\n\t\t\t\t<div class=\"elementor-widget-container\">\n\t\t\t\t\t\t\t\t\t<p data-start=\"641\" data-end=\"719\">Utilizamos diversas op\u00e7\u00f5es de <strong data-start=\"671\" data-end=\"697\">aparelhos ortod\u00f4nticos<\/strong> para tratar casos de:<\/p><p data-start=\"641\" data-end=\"719\">\u00a0<\/p><ul data-start=\"721\" data-end=\"822\"><li data-start=\"721\" data-end=\"737\"><p data-start=\"723\" data-end=\"737\"><strong data-start=\"723\" data-end=\"737\">M\u00e1 oclus\u00e3o<\/strong><\/p><\/li><li data-start=\"738\" data-end=\"767\"><p data-start=\"740\" data-end=\"767\"><strong data-start=\"740\" data-end=\"767\">Desalinhamento dent\u00e1rio<\/strong><\/p><\/li><li data-start=\"768\" data-end=\"822\"><p data-start=\"770\" data-end=\"822\"><strong data-start=\"770\" data-end=\"822\">Problemas na articula\u00e7\u00e3o temporomandibular (ATM)<\/strong><\/p><\/li><\/ul><p>\u00a0<\/p><p data-start=\"824\" data-end=\"1063\">\ud83d\udd39 <strong data-start=\"827\" data-end=\"846\">Aparelhos fixos<\/strong> \u2013 Tradicionais, eficazes e ideais para corre\u00e7\u00f5es complexas<br data-start=\"905\" data-end=\"908\" \/>\ud83d\udd39 <strong data-start=\"911\" data-end=\"935\">Aparelhos remov\u00edveis<\/strong> \u2013 Indicados para casos leves e tratamentos em crian\u00e7as<br data-start=\"990\" data-end=\"993\" \/>\ud83d\udd39 <strong data-start=\"996\" data-end=\"1025\">Alinhadores transparentes<\/strong> \u2013 Est\u00e9ticos, discretos e confort\u00e1veis<\/p>\t\t\t\t\t\t\t\t<\/div>\n\t\t\t\t<\/div>\n\t\t\t\t<div class=\"elementor-element elementor-element-0864c73 elementor-widget elementor-widget-heading\" data-id=\"0864c73\" data-element_type=\"widget\" data-e-type=\"widget\" data-widget_type=\"heading.default\">\n\t\t\t\t<div class=\"elementor-widget-container\">\n\t\t\t\t\t<h2 class=\"elementor-heading-title elementor-size-default\">Ortopedia Funcional dos Maxilares<\/h2>\t\t\t\t<\/div>\n\t\t\t\t<\/div>\n\t\t\t\t<div class=\"elementor-element elementor-element-ca55bc1 elementor-widget elementor-widget-heading\" data-id=\"ca55bc1\" data-element_type=\"widget\" data-e-type=\"widget\" data-widget_type=\"heading.default\">\n\t\t\t\t<div class=\"elementor-widget-container\">\n\t\t\t\t\t<h3 class=\"elementor-heading-title elementor-size-default\">Equil\u00edbrio facial, respira\u00e7\u00e3o e desenvolvimento saud\u00e1vel<\/h3>\t\t\t\t<\/div>\n\t\t\t\t<\/div>\n\t\t\t\t<div class=\"elementor-element elementor-element-ed95373 elementor-widget elementor-widget-text-editor\" data-id=\"ed95373\" data-element_type=\"widget\" data-e-type=\"widget\" data-widget_type=\"text-editor.default\">\n\t\t\t\t<div class=\"elementor-widget-container\">\n\t\t\t\t\t\t\t\t\t<p data-start=\"1234\" data-end=\"1471\">A <strong data-start=\"1173\" data-end=\"1196\">Ortopedia Funcional<\/strong> trata <strong data-start=\"1203\" data-end=\"1252\">desequil\u00edbrios entre ossos e m\u00fasculos faciais<\/strong>, promovendo o desenvolvimento adequado das arcadas dent\u00e1rias e estruturas craniofaciais. O foco est\u00e1 na <strong data-start=\"1357\" data-end=\"1379\">fun\u00e7\u00e3o e preven\u00e7\u00e3o<\/strong>, especialmente em pacientes em fase de crescimento.<\/p>\t\t\t\t\t\t\t\t<\/div>\n\t\t\t\t<\/div>\n\t\t\t\t<div class=\"elementor-element elementor-element-ce1b68d elementor-widget elementor-widget-heading\" data-id=\"ce1b68d\" data-element_type=\"widget\" data-e-type=\"widget\" data-widget_type=\"heading.default\">\n\t\t\t\t<div class=\"elementor-widget-container\">\n\t\t\t\t\t<h2 class=\"elementor-heading-title elementor-size-default\">Benef\u00edcios da ortopedia funcional<\/h2>\t\t\t\t<\/div>\n\t\t\t\t<\/div>\n\t\t\t\t<div class=\"elementor-element elementor-element-f5d3c07 elementor-widget elementor-widget-text-editor\" data-id=\"f5d3c07\" data-element_type=\"widget\" data-e-type=\"widget\" data-widget_type=\"text-editor.default\">\n\t\t\t\t<div class=\"elementor-widget-container\">\n\t\t\t\t\t\t\t\t\t<p data-start=\"1472\" data-end=\"1688\">\u2705 Estimula o <strong data-start=\"1485\" data-end=\"1522\">crescimento correto dos maxilares<\/strong><br data-start=\"1522\" data-end=\"1525\" \/>\u2705 Atua na <strong data-start=\"1535\" data-end=\"1573\">reeduca\u00e7\u00e3o muscular e respirat\u00f3ria<\/strong><br data-start=\"1573\" data-end=\"1576\" \/>\u2705 Auxilia no tratamento de:<\/p><p data-start=\"1472\" data-end=\"1688\"><br data-start=\"1603\" data-end=\"1606\" \/>\u2013 <strong data-start=\"1608\" data-end=\"1620\">Bruxismo<\/strong><br data-start=\"1620\" data-end=\"1623\" \/>\u2013 <strong data-start=\"1625\" data-end=\"1643\">Apneia do sono<\/strong><br data-start=\"1643\" data-end=\"1646\" \/>\u2013 <strong data-start=\"1648\" data-end=\"1688\">Dores faciais e cefaleias tensionais<\/strong><\/p><p data-start=\"1472\" data-end=\"1688\">\u00a0<\/p><p data-start=\"1472\" data-end=\"1688\">Utilizamos <strong data-start=\"1701\" data-end=\"1737\">aparelhos ortop\u00e9dicos remov\u00edveis<\/strong>, que estimulam os m\u00fasculos periorais e ajudam a guiar o desenvolvimento da face de forma equilibrada e funcional.<\/p>\t\t\t\t\t\t\t\t<\/div>\n\t\t\t\t<\/div>\n\t\t\t\t<div class=\"elementor-element elementor-element-c0c5d6c elementor-widget elementor-widget-heading\" data-id=\"c0c5d6c\" data-element_type=\"widget\" data-e-type=\"widget\" data-widget_type=\"heading.default\">\n\t\t\t\t<div class=\"elementor-widget-container\">\n\t\t\t\t\t<h2 class=\"elementor-heading-title elementor-size-default\">Tratamento Integrado e Personalizado<\/h2>\t\t\t\t<\/div>\n\t\t\t\t<\/div>\n\t\t\t\t<div class=\"elementor-element elementor-element-5c9df8f elementor-widget elementor-widget-text-editor\" data-id=\"5c9df8f\" data-element_type=\"widget\" data-e-type=\"widget\" data-widget_type=\"text-editor.default\">\n\t\t\t\t<div class=\"elementor-widget-container\">\n\t\t\t\t\t\t\t\t\t<p data-start=\"1472\" data-end=\"1688\">Na Ddent, integramos a <strong data-start=\"1934\" data-end=\"1972\">Ortodontia e a Ortopedia Funcional<\/strong> com outras especialidades odontol\u00f3gicas, proporcionando um tratamento completo e individualizado, com foco na <strong data-start=\"2083\" data-end=\"2115\">melhora da qualidade de vida<\/strong> do paciente.<\/p>\t\t\t\t\t\t\t\t<\/div>\n\t\t\t\t<\/div>\n\t\t\t\t<\/div>\n\t\t<div class=\"elementor-element elementor-element-8f79248 e-con-full e-flex e-con e-child\" data-id=\"8f79248\" data-element_type=\"container\" data-e-type=\"container\">\n\t\t\t\t<div class=\"elementor-element elementor-element-1e74aee elementor-widget elementor-widget-image\" data-id=\"1e74aee\" data-element_type=\"widget\" data-e-type=\"widget\" data-widget_type=\"image.default\">\n\t\t\t\t<div class=\"elementor-widget-container\">\n\t\t\t\t\t\t\t\t\t\t\t\t\t\t\t<img fetchpriority=\"high\" decoding=\"async\" width=\"488\" height=\"312\" src=\"https:\/\/ddent.com.br\/clinica\/wp-content\/uploads\/2024\/06\/procedimento-ortodontia.jpg\" class=\"attachment-full size-full wp-image-256\" alt=\"\" srcset=\"https:\/\/ddent.com.br\/clinica\/wp-content\/uploads\/2024\/06\/procedimento-ortodontia.jpg 488w, https:\/\/ddent.com.br\/clinica\/wp-content\/uploads\/2024\/06\/procedimento-ortodontia-300x192.jpg 300w\" sizes=\"(max-width: 488px) 100vw, 488px\" \/>\t\t\t\t\t\t\t\t\t\t\t\t\t\t\t<\/div>\n\t\t\t\t<\/div>\n\t\t\t\t<\/div>\n\t\t\t\t\t<\/div>\n\t\t\t\t<\/div>\n\t\t<div class=\"elementor-element elementor-element-1244d46 e-flex e-con-boxed e-con e-parent\" data-id=\"1244d46\" data-element_type=\"container\" data-e-type=\"container\">\n\t\t\t\t\t<div class=\"e-con-inner\">\n\t\t<div class=\"elementor-element elementor-element-712c78c e-con-full e-flex e-con e-child\" data-id=\"712c78c\" data-element_type=\"container\" data-e-type=\"container\" data-settings=\"{&quot;background_background&quot;:&quot;classic&quot;}\">\n\t\t\t\t<div class=\"elementor-element elementor-element-19a914f elementor-widget elementor-widget-heading\" data-id=\"19a914f\" data-element_type=\"widget\" data-e-type=\"widget\" data-widget_type=\"heading.default\">\n\t\t\t\t<div class=\"elementor-widget-container\">\n\t\t\t\t\t<h2 class=\"elementor-heading-title elementor-size-default\">A solu\u00e7\u00e3o ideal para o seu sorriso est\u00e1 aqui<\/h2>\t\t\t\t<\/div>\n\t\t\t\t<\/div>\n\t\t\t\t<div class=\"elementor-element elementor-element-05330ad elementor-widget elementor-widget-heading\" data-id=\"05330ad\" data-element_type=\"widget\" data-e-type=\"widget\" data-widget_type=\"heading.default\">\n\t\t\t\t<div class=\"elementor-widget-container\">\n\t\t\t\t\t<h2 class=\"elementor-heading-title elementor-size-default\">Venha para a Cl\u00ednica DDent e receba um diagn\u00f3stico preciso que atenda a sua necessidade.<\/h2>\t\t\t\t<\/div>\n\t\t\t\t<\/div>\n\t\t\t\t<div class=\"elementor-element elementor-element-621b656 elementor-hidden-tablet elementor-hidden-mobile elementor-widget elementor-widget-button\" data-id=\"621b656\" data-element_type=\"widget\" data-e-type=\"widget\" data-widget_type=\"button.default\">\n\t\t\t\t<div class=\"elementor-widget-container\">\n\t\t\t\t\t\t\t\t\t<div class=\"elementor-button-wrapper\">\n\t\t\t\t\t<a class=\"elementor-button elementor-button-link elementor-size-sm\" href=\"https:\/\/web.whatsapp.com\/send?phone=5511987847955&#038;text=Ol\u00e1,%20vim%20pelo%20site%20e%20gostaria%20de%20marcar%20uma%20consulta\" target=\"_blank\" rel=\"noopener\">\n\t\t\t\t\t\t<span class=\"elementor-button-content-wrapper\">\n\t\t\t\t\t\t<span class=\"elementor-button-icon\">\n\t\t\t\t<svg aria-hidden=\"true\" class=\"e-font-icon-svg e-fab-whatsapp\" viewBox=\"0 0 448 512\" xmlns=\"http:\/\/www.w3.org\/2000\/svg\"><path d=\"M380.9 97.1C339 55.1 283.2 32 223.9 32c-122.4 0-222 99.6-222 222 0 39.1 10.2 77.3 29.6 111L0 480l117.7-30.9c32.4 17.7 68.9 27 106.1 27h.1c122.3 0 224.1-99.6 224.1-222 0-59.3-25.2-115-67.1-157zm-157 341.6c-33.2 0-65.7-8.9-94-25.7l-6.7-4-69.8 18.3L72 359.2l-4.4-7c-18.5-29.4-28.2-63.3-28.2-98.2 0-101.7 82.8-184.5 184.6-184.5 49.3 0 95.6 19.2 130.4 54.1 34.8 34.9 56.2 81.2 56.1 130.5 0 101.8-84.9 184.6-186.6 184.6zm101.2-138.2c-5.5-2.8-32.8-16.2-37.9-18-5.1-1.9-8.8-2.8-12.5 2.8-3.7 5.6-14.3 18-17.6 21.8-3.2 3.7-6.5 4.2-12 1.4-32.6-16.3-54-29.1-75.5-66-5.7-9.8 5.7-9.1 16.3-30.3 1.8-3.7.9-6.9-.5-9.7-1.4-2.8-12.5-30.1-17.1-41.2-4.5-10.8-9.1-9.3-12.5-9.5-3.2-.2-6.9-.2-10.6-.2-3.7 0-9.7 1.4-14.8 6.9-5.1 5.6-19.4 19-19.4 46.3 0 27.3 19.9 53.7 22.6 57.4 2.8 3.7 39.1 59.7 94.8 83.8 35.2 15.2 49 16.5 66.6 13.9 10.7-1.6 32.8-13.4 37.4-26.4 4.6-13 4.6-24.1 3.2-26.4-1.3-2.5-5-3.9-10.5-6.6z\"><\/path><\/svg>\t\t\t<\/span>\n\t\t\t\t\t\t\t\t\t<span class=\"elementor-button-text\">Agendar Consulta<\/span>\n\t\t\t\t\t<\/span>\n\t\t\t\t\t<\/a>\n\t\t\t\t<\/div>\n\t\t\t\t\t\t\t\t<\/div>\n\t\t\t\t<\/div>\n\t\t\t\t<div class=\"elementor-element elementor-element-d3a8070 elementor-hidden-desktop elementor-widget elementor-widget-button\" data-id=\"d3a8070\" data-element_type=\"widget\" data-e-type=\"widget\" data-widget_type=\"button.default\">\n\t\t\t\t<div class=\"elementor-widget-container\">\n\t\t\t\t\t\t\t\t\t<div class=\"elementor-button-wrapper\">\n\t\t\t\t\t<a class=\"elementor-button elementor-button-link elementor-size-sm\" href=\"https:\/\/api.whatsapp.com\/send?phone=5511987847955&#038;text=Ol\u00e1,%20vim%20pelo%20site%20e%20gostaria%20de%20marcar%20uma%20consulta\" target=\"_blank\" rel=\"noopener\">\n\t\t\t\t\t\t<span class=\"elementor-button-content-wrapper\">\n\t\t\t\t\t\t<span class=\"elementor-button-icon\">\n\t\t\t\t<svg aria-hidden=\"true\" class=\"e-font-icon-svg e-fab-whatsapp\" viewBox=\"0 0 448 512\" xmlns=\"http:\/\/www.w3.org\/2000\/svg\"><path d=\"M380.9 97.1C339 55.1 283.2 32 223.9 32c-122.4 0-222 99.6-222 222 0 39.1 10.2 77.3 29.6 111L0 480l117.7-30.9c32.4 17.7 68.9 27 106.1 27h.1c122.3 0 224.1-99.6 224.1-222 0-59.3-25.2-115-67.1-157zm-157 341.6c-33.2 0-65.7-8.9-94-25.7l-6.7-4-69.8 18.3L72 359.2l-4.4-7c-18.5-29.4-28.2-63.3-28.2-98.2 0-101.7 82.8-184.5 184.6-184.5 49.3 0 95.6 19.2 130.4 54.1 34.8 34.9 56.2 81.2 56.1 130.5 0 101.8-84.9 184.6-186.6 184.6zm101.2-138.2c-5.5-2.8-32.8-16.2-37.9-18-5.1-1.9-8.8-2.8-12.5 2.8-3.7 5.6-14.3 18-17.6 21.8-3.2 3.7-6.5 4.2-12 1.4-32.6-16.3-54-29.1-75.5-66-5.7-9.8 5.7-9.1 16.3-30.3 1.8-3.7.9-6.9-.5-9.7-1.4-2.8-12.5-30.1-17.1-41.2-4.5-10.8-9.1-9.3-12.5-9.5-3.2-.2-6.9-.2-10.6-.2-3.7 0-9.7 1.4-14.8 6.9-5.1 5.6-19.4 19-19.4 46.3 0 27.3 19.9 53.7 22.6 57.4 2.8 3.7 39.1 59.7 94.8 83.8 35.2 15.2 49 16.5 66.6 13.9 10.7-1.6 32.8-13.4 37.4-26.4 4.6-13 4.6-24.1 3.2-26.4-1.3-2.5-5-3.9-10.5-6.6z\"><\/path><\/svg>\t\t\t<\/span>\n\t\t\t\t\t\t\t\t\t<span class=\"elementor-button-text\">Agendar Consulta<\/span>\n\t\t\t\t\t<\/span>\n\t\t\t\t\t<\/a>\n\t\t\t\t<\/div>\n\t\t\t\t\t\t\t\t<\/div>\n\t\t\t\t<\/div>\n\t\t\t\t<\/div>\n\t\t\t\t\t<\/div>\n\t\t\t\t<\/div>\n\t\t\t\t<\/div>\n\t\t","protected":false},"excerpt":{"rendered":"<p>Corrija o alinhamento dental e melhore a fun\u00e7\u00e3o e a est\u00e9tica do seu sorriso A Ortodontia \u00e9 a especialidade odontol\u00f3gica respons\u00e1vel por corrigir o alinhamento dos dentes e a posi\u00e7\u00e3o dos ossos maxilares, promovendo uma melhora significativa na est\u00e9tica, na fun\u00e7\u00e3o mastigat\u00f3ria e na sa\u00fade bucal como um todo. Tratamentos ortod\u00f4nticos dispon\u00edveis Utilizamos diversas op\u00e7\u00f5es [&hellip;]<\/p>\n","protected":false},"author":3,"featured_media":0,"parent":194,"menu_order":0,"comment_status":"closed","ping_status":"closed","template":"","meta":{"nf_dc_page":"","footnotes":""},"class_list":["post-850","page","type-page","status-publish","hentry"],"_links":{"self":[{"href":"https:\/\/ddent.com.br\/clinica\/wp-json\/wp\/v2\/pages\/850","targetHints":{"allow":["GET"]}}],"collection":[{"href":"https:\/\/ddent.com.br\/clinica\/wp-json\/wp\/v2\/pages"}],"about":[{"href":"https:\/\/ddent.com.br\/clinica\/wp-json\/wp\/v2\/types\/page"}],"author":[{"embeddable":true,"href":"https:\/\/ddent.com.br\/clinica\/wp-json\/wp\/v2\/users\/3"}],"replies":[{"embeddable":true,"href":"https:\/\/ddent.com.br\/clinica\/wp-json\/wp\/v2\/comments?post=850"}],"version-history":[{"count":5,"href":"https:\/\/ddent.com.br\/clinica\/wp-json\/wp\/v2\/pages\/850\/revisions"}],"predecessor-version":[{"id":863,"href":"https:\/\/ddent.com.br\/clinica\/wp-json\/wp\/v2\/pages\/850\/revisions\/863"}],"up":[{"embeddable":true,"href":"https:\/\/ddent.com.br\/clinica\/wp-json\/wp\/v2\/pages\/194"}],"wp:attachment":[{"href":"https:\/\/ddent.com.br\/clinica\/wp-json\/wp\/v2\/media?parent=850"}],"curies":[{"name":"wp","href":"https:\/\/api.w.org\/{rel}","templated":true}]}}