{"id":864,"date":"2025-05-23T15:55:42","date_gmt":"2025-05-23T15:55:42","guid":{"rendered":"https:\/\/ddent.com.br\/clinica\/?page_id=864"},"modified":"2025-05-23T16:04:34","modified_gmt":"2025-05-23T16:04:34","slug":"facetas-lentes","status":"publish","type":"page","link":"https:\/\/ddent.com.br\/clinica\/especialidades\/facetas-lentes\/","title":{"rendered":"Facetas e Lentes"},"content":{"rendered":"\t\t<div data-elementor-type=\"wp-page\" data-elementor-id=\"864\" class=\"elementor elementor-864\" data-elementor-post-type=\"page\">\n\t\t\t\t<div class=\"elementor-element elementor-element-2d0a315 e-flex e-con-boxed e-con e-parent\" data-id=\"2d0a315\" data-element_type=\"container\" data-e-type=\"container\" data-settings=\"{&quot;background_background&quot;:&quot;classic&quot;}\">\n\t\t\t\t\t<div class=\"e-con-inner\">\n\t\t\t\t\t<\/div>\n\t\t\t\t<\/div>\n\t\t<div class=\"elementor-element elementor-element-4d51cea e-flex e-con-boxed e-con e-parent\" data-id=\"4d51cea\" data-element_type=\"container\" data-e-type=\"container\" data-settings=\"{&quot;background_background&quot;:&quot;classic&quot;}\">\n\t\t\t\t\t<div class=\"e-con-inner\">\n\t\t<div class=\"elementor-element elementor-element-310c262 e-con-full e-flex e-con e-child\" data-id=\"310c262\" data-element_type=\"container\" data-e-type=\"container\">\n\t\t\t\t<div class=\"elementor-element elementor-element-1a14780 elementor-widget elementor-widget-heading\" data-id=\"1a14780\" data-element_type=\"widget\" data-e-type=\"widget\" data-widget_type=\"heading.default\">\n\t\t\t\t<div class=\"elementor-widget-container\">\n\t\t\t\t\t<h2 class=\"elementor-heading-title elementor-size-default\">Transforme seu sorriso com est\u00e9tica, harmonia e naturalidade<\/h2>\t\t\t\t<\/div>\n\t\t\t\t<\/div>\n\t\t\t\t<div class=\"elementor-element elementor-element-f8208db elementor-widget elementor-widget-text-editor\" data-id=\"f8208db\" data-element_type=\"widget\" data-e-type=\"widget\" data-widget_type=\"text-editor.default\">\n\t\t\t\t<div class=\"elementor-widget-container\">\n\t\t\t\t\t\t\t\t\t<p data-start=\"366\" data-end=\"707\">As <strong data-start=\"319\" data-end=\"330\">facetas<\/strong> e as <strong data-start=\"336\" data-end=\"365\">lentes de contato dentais<\/strong> s\u00e3o t\u00e9cnicas modernas da odontologia est\u00e9tica, indicadas para quem deseja <strong data-start=\"440\" data-end=\"476\">corrigir imperfei\u00e7\u00f5es no sorriso<\/strong> e alcan\u00e7ar resultados r\u00e1pidos, duradouros e altamente naturais.<\/p>\t\t\t\t\t\t\t\t<\/div>\n\t\t\t\t<\/div>\n\t\t\t\t<div class=\"elementor-element elementor-element-78a0456 elementor-widget elementor-widget-heading\" data-id=\"78a0456\" data-element_type=\"widget\" data-e-type=\"widget\" data-widget_type=\"heading.default\">\n\t\t\t\t<div class=\"elementor-widget-container\">\n\t\t\t\t\t<h2 class=\"elementor-heading-title elementor-size-default\">O que s\u00e3o facetas dentais?<\/h2>\t\t\t\t<\/div>\n\t\t\t\t<\/div>\n\t\t\t\t<div class=\"elementor-element elementor-element-032d230 elementor-widget elementor-widget-text-editor\" data-id=\"032d230\" data-element_type=\"widget\" data-e-type=\"widget\" data-widget_type=\"text-editor.default\">\n\t\t\t\t<div class=\"elementor-widget-container\">\n\t\t\t\t\t\t\t\t\t<p data-start=\"579\" data-end=\"727\">As <strong data-start=\"582\" data-end=\"601\">facetas dentais<\/strong> s\u00e3o <strong data-start=\"606\" data-end=\"628\">l\u00e2minas ultrafinas<\/strong> feitas de <strong data-start=\"639\" data-end=\"652\">porcelana<\/strong> ou <strong data-start=\"656\" data-end=\"675\">resina composta<\/strong>, coladas na parte frontal dos dentes para corrigir:<\/p><p data-start=\"579\" data-end=\"727\">\u00a0<\/p><ul data-start=\"729\" data-end=\"909\"><li data-start=\"729\" data-end=\"760\"><p data-start=\"731\" data-end=\"760\"><strong data-start=\"731\" data-end=\"758\">Manchas ou descolora\u00e7\u00e3o<\/strong><\/p><\/li><li data-start=\"761\" data-end=\"784\"><p data-start=\"763\" data-end=\"784\"><strong data-start=\"763\" data-end=\"782\">Desgaste dental<\/strong><\/p><\/li><li data-start=\"785\" data-end=\"822\"><p data-start=\"787\" data-end=\"822\"><strong data-start=\"787\" data-end=\"820\">Dentes desalinhados levemente<\/strong><\/p><\/li><li data-start=\"823\" data-end=\"866\"><p data-start=\"825\" data-end=\"866\"><strong data-start=\"825\" data-end=\"864\">Espa\u00e7os entre os dentes (diastemas)<\/strong><\/p><\/li><li data-start=\"867\" data-end=\"909\"><p data-start=\"869\" data-end=\"909\"><strong data-start=\"869\" data-end=\"909\">Formatos irregulares ou assim\u00e9tricos<\/strong><\/p><\/li><\/ul><p>\u00a0<\/p><p data-start=\"911\" data-end=\"1051\">\ud83d\udccc Para a aplica\u00e7\u00e3o das facetas, \u00e9 necess\u00e1rio um <strong data-start=\"960\" data-end=\"1008\">m\u00ednimo desgaste da estrutura dental original<\/strong>, permitindo um encaixe preciso e est\u00e9tico.<\/p>\t\t\t\t\t\t\t\t<\/div>\n\t\t\t\t<\/div>\n\t\t\t\t<div class=\"elementor-element elementor-element-0864c73 elementor-widget elementor-widget-heading\" data-id=\"0864c73\" data-element_type=\"widget\" data-e-type=\"widget\" data-widget_type=\"heading.default\">\n\t\t\t\t<div class=\"elementor-widget-container\">\n\t\t\t\t\t<h2 class=\"elementor-heading-title elementor-size-default\">O que s\u00e3o lentes de contato dentais?<\/h2>\t\t\t\t<\/div>\n\t\t\t\t<\/div>\n\t\t\t\t<div class=\"elementor-element elementor-element-ed95373 elementor-widget elementor-widget-text-editor\" data-id=\"ed95373\" data-element_type=\"widget\" data-e-type=\"widget\" data-widget_type=\"text-editor.default\">\n\t\t\t\t<div class=\"elementor-widget-container\">\n\t\t\t\t\t\t\t\t\t<p data-start=\"1100\" data-end=\"1251\">As <strong data-start=\"1103\" data-end=\"1132\">lentes de contato dentais<\/strong> s\u00e3o ainda mais finas que as facetas \u2014 geralmente feitas de porcelana \u2014 e exigem <strong data-start=\"1213\" data-end=\"1250\">pouco ou nenhum desgaste do dente<\/strong>.<\/p><p data-start=\"1253\" data-end=\"1272\">\u00a0<\/p><p data-start=\"1253\" data-end=\"1272\">S\u00e3o indicadas para:<\/p><ul data-start=\"1274\" data-end=\"1423\"><li data-start=\"1274\" data-end=\"1307\"><p data-start=\"1276\" data-end=\"1307\"><strong data-start=\"1276\" data-end=\"1305\">Corre\u00e7\u00f5es est\u00e9ticas leves<\/strong><\/p><\/li><li data-start=\"1308\" data-end=\"1340\"><p data-start=\"1310\" data-end=\"1340\"><strong data-start=\"1310\" data-end=\"1338\">Pequenos desalinhamentos<\/strong><\/p><\/li><li data-start=\"1341\" data-end=\"1369\"><p data-start=\"1343\" data-end=\"1369\"><strong data-start=\"1343\" data-end=\"1367\">Manchas superficiais<\/strong><\/p><\/li><li data-start=\"1370\" data-end=\"1423\"><p data-start=\"1372\" data-end=\"1423\"><strong data-start=\"1372\" data-end=\"1423\">Leves mudan\u00e7as no formato ou tamanho dos dentes<\/strong><\/p><\/li><li data-start=\"1370\" data-end=\"1423\">\u00a0<\/li><\/ul><p data-start=\"1425\" data-end=\"1516\">Essas lentes s\u00e3o ideais para quem busca <strong data-start=\"1465\" data-end=\"1515\">naturalidade e preserva\u00e7\u00e3o da estrutura dental<\/strong>.<\/p>\t\t\t\t\t\t\t\t<\/div>\n\t\t\t\t<\/div>\n\t\t\t\t<div class=\"elementor-element elementor-element-ce1b68d elementor-widget elementor-widget-heading\" data-id=\"ce1b68d\" data-element_type=\"widget\" data-e-type=\"widget\" data-widget_type=\"heading.default\">\n\t\t\t\t<div class=\"elementor-widget-container\">\n\t\t\t\t\t<h2 class=\"elementor-heading-title elementor-size-default\">Qual escolher: facetas ou lentes?<\/h2>\t\t\t\t<\/div>\n\t\t\t\t<\/div>\n\t\t\t\t<div class=\"elementor-element elementor-element-f5d3c07 elementor-widget elementor-widget-text-editor\" data-id=\"f5d3c07\" data-element_type=\"widget\" data-e-type=\"widget\" data-widget_type=\"text-editor.default\">\n\t\t\t\t<div class=\"elementor-widget-container\">\n\t\t\t\t\t\t\t\t\t<p data-start=\"1562\" data-end=\"1646\">A escolha entre <strong data-start=\"1578\" data-end=\"1597\">facetas dentais<\/strong> e <strong data-start=\"1600\" data-end=\"1621\">lentes de contato<\/strong> depende de fatores como:<\/p><p data-start=\"1562\" data-end=\"1646\">\u00a0<\/p><ul data-start=\"1648\" data-end=\"1756\"><li data-start=\"1648\" data-end=\"1683\"><p data-start=\"1650\" data-end=\"1683\">A <strong data-start=\"1652\" data-end=\"1681\">condi\u00e7\u00e3o atual dos dentes<\/strong><\/p><\/li><li data-start=\"1684\" data-end=\"1715\"><p data-start=\"1686\" data-end=\"1715\">O <strong data-start=\"1688\" data-end=\"1713\">grau das imperfei\u00e7\u00f5es<\/strong><\/p><\/li><li data-start=\"1716\" data-end=\"1756\"><p data-start=\"1718\" data-end=\"1756\">Os <strong data-start=\"1721\" data-end=\"1744\">objetivos est\u00e9ticos<\/strong> do paciente<\/p><\/li><\/ul><p>\u00a0<\/p><p data-start=\"1758\" data-end=\"1941\">Na Ddent, realizamos uma avalia\u00e7\u00e3o detalhada para indicar o tratamento mais adequado, sempre priorizando a <strong data-start=\"1877\" data-end=\"1925\">naturalidade, harmonia facial e durabilidade<\/strong> dos resultados.<\/p>\t\t\t\t\t\t\t\t<\/div>\n\t\t\t\t<\/div>\n\t\t\t\t<\/div>\n\t\t<div class=\"elementor-element elementor-element-8f79248 e-con-full e-flex e-con e-child\" data-id=\"8f79248\" data-element_type=\"container\" data-e-type=\"container\">\n\t\t\t\t<div class=\"elementor-element elementor-element-1e74aee elementor-widget elementor-widget-image\" data-id=\"1e74aee\" data-element_type=\"widget\" data-e-type=\"widget\" data-widget_type=\"image.default\">\n\t\t\t\t<div class=\"elementor-widget-container\">\n\t\t\t\t\t\t\t\t\t\t\t\t\t\t\t<img fetchpriority=\"high\" decoding=\"async\" width=\"850\" height=\"450\" src=\"https:\/\/ddent.com.br\/clinica\/wp-content\/uploads\/2024\/07\/lentes-de-contato-dental-e-facetas-.jpg\" class=\"attachment-full size-full wp-image-705\" alt=\"\" srcset=\"https:\/\/ddent.com.br\/clinica\/wp-content\/uploads\/2024\/07\/lentes-de-contato-dental-e-facetas-.jpg 850w, https:\/\/ddent.com.br\/clinica\/wp-content\/uploads\/2024\/07\/lentes-de-contato-dental-e-facetas--300x159.jpg 300w, https:\/\/ddent.com.br\/clinica\/wp-content\/uploads\/2024\/07\/lentes-de-contato-dental-e-facetas--768x407.jpg 768w\" sizes=\"(max-width: 850px) 100vw, 850px\" \/>\t\t\t\t\t\t\t\t\t\t\t\t\t\t\t<\/div>\n\t\t\t\t<\/div>\n\t\t\t\t<\/div>\n\t\t\t\t\t<\/div>\n\t\t\t\t<\/div>\n\t\t<div class=\"elementor-element elementor-element-1244d46 e-flex e-con-boxed e-con e-parent\" data-id=\"1244d46\" data-element_type=\"container\" data-e-type=\"container\">\n\t\t\t\t\t<div class=\"e-con-inner\">\n\t\t<div class=\"elementor-element elementor-element-712c78c e-con-full e-flex e-con e-child\" data-id=\"712c78c\" data-element_type=\"container\" data-e-type=\"container\" data-settings=\"{&quot;background_background&quot;:&quot;classic&quot;}\">\n\t\t\t\t<div class=\"elementor-element elementor-element-19a914f elementor-widget elementor-widget-heading\" data-id=\"19a914f\" data-element_type=\"widget\" data-e-type=\"widget\" data-widget_type=\"heading.default\">\n\t\t\t\t<div class=\"elementor-widget-container\">\n\t\t\t\t\t<h2 class=\"elementor-heading-title elementor-size-default\">A solu\u00e7\u00e3o ideal para o seu sorriso est\u00e1 aqui<\/h2>\t\t\t\t<\/div>\n\t\t\t\t<\/div>\n\t\t\t\t<div class=\"elementor-element elementor-element-05330ad elementor-widget elementor-widget-heading\" data-id=\"05330ad\" data-element_type=\"widget\" data-e-type=\"widget\" data-widget_type=\"heading.default\">\n\t\t\t\t<div class=\"elementor-widget-container\">\n\t\t\t\t\t<h2 class=\"elementor-heading-title elementor-size-default\">Venha para a Cl\u00ednica DDent e receba um diagn\u00f3stico preciso que atenda a sua necessidade.<\/h2>\t\t\t\t<\/div>\n\t\t\t\t<\/div>\n\t\t\t\t<div class=\"elementor-element elementor-element-621b656 elementor-hidden-tablet elementor-hidden-mobile elementor-widget elementor-widget-button\" data-id=\"621b656\" data-element_type=\"widget\" data-e-type=\"widget\" data-widget_type=\"button.default\">\n\t\t\t\t<div class=\"elementor-widget-container\">\n\t\t\t\t\t\t\t\t\t<div class=\"elementor-button-wrapper\">\n\t\t\t\t\t<a class=\"elementor-button elementor-button-link elementor-size-sm\" href=\"https:\/\/web.whatsapp.com\/send?phone=5511987847955&#038;text=Ol\u00e1,%20vim%20pelo%20site%20e%20gostaria%20de%20marcar%20uma%20consulta\" target=\"_blank\" rel=\"noopener\">\n\t\t\t\t\t\t<span class=\"elementor-button-content-wrapper\">\n\t\t\t\t\t\t<span class=\"elementor-button-icon\">\n\t\t\t\t<svg aria-hidden=\"true\" class=\"e-font-icon-svg e-fab-whatsapp\" viewBox=\"0 0 448 512\" xmlns=\"http:\/\/www.w3.org\/2000\/svg\"><path d=\"M380.9 97.1C339 55.1 283.2 32 223.9 32c-122.4 0-222 99.6-222 222 0 39.1 10.2 77.3 29.6 111L0 480l117.7-30.9c32.4 17.7 68.9 27 106.1 27h.1c122.3 0 224.1-99.6 224.1-222 0-59.3-25.2-115-67.1-157zm-157 341.6c-33.2 0-65.7-8.9-94-25.7l-6.7-4-69.8 18.3L72 359.2l-4.4-7c-18.5-29.4-28.2-63.3-28.2-98.2 0-101.7 82.8-184.5 184.6-184.5 49.3 0 95.6 19.2 130.4 54.1 34.8 34.9 56.2 81.2 56.1 130.5 0 101.8-84.9 184.6-186.6 184.6zm101.2-138.2c-5.5-2.8-32.8-16.2-37.9-18-5.1-1.9-8.8-2.8-12.5 2.8-3.7 5.6-14.3 18-17.6 21.8-3.2 3.7-6.5 4.2-12 1.4-32.6-16.3-54-29.1-75.5-66-5.7-9.8 5.7-9.1 16.3-30.3 1.8-3.7.9-6.9-.5-9.7-1.4-2.8-12.5-30.1-17.1-41.2-4.5-10.8-9.1-9.3-12.5-9.5-3.2-.2-6.9-.2-10.6-.2-3.7 0-9.7 1.4-14.8 6.9-5.1 5.6-19.4 19-19.4 46.3 0 27.3 19.9 53.7 22.6 57.4 2.8 3.7 39.1 59.7 94.8 83.8 35.2 15.2 49 16.5 66.6 13.9 10.7-1.6 32.8-13.4 37.4-26.4 4.6-13 4.6-24.1 3.2-26.4-1.3-2.5-5-3.9-10.5-6.6z\"><\/path><\/svg>\t\t\t<\/span>\n\t\t\t\t\t\t\t\t\t<span class=\"elementor-button-text\">Agendar Consulta<\/span>\n\t\t\t\t\t<\/span>\n\t\t\t\t\t<\/a>\n\t\t\t\t<\/div>\n\t\t\t\t\t\t\t\t<\/div>\n\t\t\t\t<\/div>\n\t\t\t\t<div class=\"elementor-element elementor-element-d3a8070 elementor-hidden-desktop elementor-widget elementor-widget-button\" data-id=\"d3a8070\" data-element_type=\"widget\" data-e-type=\"widget\" data-widget_type=\"button.default\">\n\t\t\t\t<div class=\"elementor-widget-container\">\n\t\t\t\t\t\t\t\t\t<div class=\"elementor-button-wrapper\">\n\t\t\t\t\t<a class=\"elementor-button elementor-button-link elementor-size-sm\" href=\"https:\/\/api.whatsapp.com\/send?phone=5511987847955&#038;text=Ol\u00e1,%20vim%20pelo%20site%20e%20gostaria%20de%20marcar%20uma%20consulta\" target=\"_blank\" rel=\"noopener\">\n\t\t\t\t\t\t<span class=\"elementor-button-content-wrapper\">\n\t\t\t\t\t\t<span class=\"elementor-button-icon\">\n\t\t\t\t<svg aria-hidden=\"true\" class=\"e-font-icon-svg e-fab-whatsapp\" viewBox=\"0 0 448 512\" xmlns=\"http:\/\/www.w3.org\/2000\/svg\"><path d=\"M380.9 97.1C339 55.1 283.2 32 223.9 32c-122.4 0-222 99.6-222 222 0 39.1 10.2 77.3 29.6 111L0 480l117.7-30.9c32.4 17.7 68.9 27 106.1 27h.1c122.3 0 224.1-99.6 224.1-222 0-59.3-25.2-115-67.1-157zm-157 341.6c-33.2 0-65.7-8.9-94-25.7l-6.7-4-69.8 18.3L72 359.2l-4.4-7c-18.5-29.4-28.2-63.3-28.2-98.2 0-101.7 82.8-184.5 184.6-184.5 49.3 0 95.6 19.2 130.4 54.1 34.8 34.9 56.2 81.2 56.1 130.5 0 101.8-84.9 184.6-186.6 184.6zm101.2-138.2c-5.5-2.8-32.8-16.2-37.9-18-5.1-1.9-8.8-2.8-12.5 2.8-3.7 5.6-14.3 18-17.6 21.8-3.2 3.7-6.5 4.2-12 1.4-32.6-16.3-54-29.1-75.5-66-5.7-9.8 5.7-9.1 16.3-30.3 1.8-3.7.9-6.9-.5-9.7-1.4-2.8-12.5-30.1-17.1-41.2-4.5-10.8-9.1-9.3-12.5-9.5-3.2-.2-6.9-.2-10.6-.2-3.7 0-9.7 1.4-14.8 6.9-5.1 5.6-19.4 19-19.4 46.3 0 27.3 19.9 53.7 22.6 57.4 2.8 3.7 39.1 59.7 94.8 83.8 35.2 15.2 49 16.5 66.6 13.9 10.7-1.6 32.8-13.4 37.4-26.4 4.6-13 4.6-24.1 3.2-26.4-1.3-2.5-5-3.9-10.5-6.6z\"><\/path><\/svg>\t\t\t<\/span>\n\t\t\t\t\t\t\t\t\t<span class=\"elementor-button-text\">Agendar Consulta<\/span>\n\t\t\t\t\t<\/span>\n\t\t\t\t\t<\/a>\n\t\t\t\t<\/div>\n\t\t\t\t\t\t\t\t<\/div>\n\t\t\t\t<\/div>\n\t\t\t\t<\/div>\n\t\t\t\t\t<\/div>\n\t\t\t\t<\/div>\n\t\t\t\t<\/div>\n\t\t","protected":false},"excerpt":{"rendered":"<p>Transforme seu sorriso com est\u00e9tica, harmonia e naturalidade As facetas e as lentes de contato dentais s\u00e3o t\u00e9cnicas modernas da odontologia est\u00e9tica, indicadas para quem deseja corrigir imperfei\u00e7\u00f5es no sorriso e alcan\u00e7ar resultados r\u00e1pidos, duradouros e altamente naturais. O que s\u00e3o facetas dentais? As facetas dentais s\u00e3o l\u00e2minas ultrafinas feitas de porcelana ou resina composta, [&hellip;]<\/p>\n","protected":false},"author":3,"featured_media":0,"parent":194,"menu_order":0,"comment_status":"closed","ping_status":"closed","template":"","meta":{"nf_dc_page":"","footnotes":""},"class_list":["post-864","page","type-page","status-publish","hentry"],"_links":{"self":[{"href":"https:\/\/ddent.com.br\/clinica\/wp-json\/wp\/v2\/pages\/864","targetHints":{"allow":["GET"]}}],"collection":[{"href":"https:\/\/ddent.com.br\/clinica\/wp-json\/wp\/v2\/pages"}],"about":[{"href":"https:\/\/ddent.com.br\/clinica\/wp-json\/wp\/v2\/types\/page"}],"author":[{"embeddable":true,"href":"https:\/\/ddent.com.br\/clinica\/wp-json\/wp\/v2\/users\/3"}],"replies":[{"embeddable":true,"href":"https:\/\/ddent.com.br\/clinica\/wp-json\/wp\/v2\/comments?post=864"}],"version-history":[{"count":5,"href":"https:\/\/ddent.com.br\/clinica\/wp-json\/wp\/v2\/pages\/864\/revisions"}],"predecessor-version":[{"id":876,"href":"https:\/\/ddent.com.br\/clinica\/wp-json\/wp\/v2\/pages\/864\/revisions\/876"}],"up":[{"embeddable":true,"href":"https:\/\/ddent.com.br\/clinica\/wp-json\/wp\/v2\/pages\/194"}],"wp:attachment":[{"href":"https:\/\/ddent.com.br\/clinica\/wp-json\/wp\/v2\/media?parent=864"}],"curies":[{"name":"wp","href":"https:\/\/api.w.org\/{rel}","templated":true}]}}