{"id":886,"date":"2025-05-23T16:09:24","date_gmt":"2025-05-23T16:09:24","guid":{"rendered":"https:\/\/ddent.com.br\/clinica\/?page_id=886"},"modified":"2025-05-23T18:26:00","modified_gmt":"2025-05-23T18:26:00","slug":"endodontia","status":"publish","type":"page","link":"https:\/\/ddent.com.br\/clinica\/especialidades\/endodontia\/","title":{"rendered":"Endodontia"},"content":{"rendered":"\t\t<div data-elementor-type=\"wp-page\" data-elementor-id=\"886\" class=\"elementor elementor-886\" data-elementor-post-type=\"page\">\n\t\t\t\t<div class=\"elementor-element elementor-element-2d0a315 e-flex e-con-boxed e-con e-parent\" data-id=\"2d0a315\" data-element_type=\"container\" data-e-type=\"container\" data-settings=\"{&quot;background_background&quot;:&quot;classic&quot;}\">\n\t\t\t\t\t<div class=\"e-con-inner\">\n\t\t\t\t\t<\/div>\n\t\t\t\t<\/div>\n\t\t<div class=\"elementor-element elementor-element-4d51cea e-flex e-con-boxed e-con e-parent\" data-id=\"4d51cea\" data-element_type=\"container\" data-e-type=\"container\" data-settings=\"{&quot;background_background&quot;:&quot;classic&quot;}\">\n\t\t\t\t\t<div class=\"e-con-inner\">\n\t\t<div class=\"elementor-element elementor-element-310c262 e-con-full e-flex e-con e-child\" data-id=\"310c262\" data-element_type=\"container\" data-e-type=\"container\">\n\t\t\t\t<div class=\"elementor-element elementor-element-1a14780 elementor-widget elementor-widget-heading\" data-id=\"1a14780\" data-element_type=\"widget\" data-e-type=\"widget\" data-widget_type=\"heading.default\">\n\t\t\t\t<div class=\"elementor-widget-container\">\n\t\t\t\t\t<h2 class=\"elementor-heading-title elementor-size-default\">Elimine a dor e preserve seu dente natural com seguran\u00e7a<\/h2>\t\t\t\t<\/div>\n\t\t\t\t<\/div>\n\t\t\t\t<div class=\"elementor-element elementor-element-f8208db elementor-widget elementor-widget-text-editor\" data-id=\"f8208db\" data-element_type=\"widget\" data-e-type=\"widget\" data-widget_type=\"text-editor.default\">\n\t\t\t\t<div class=\"elementor-widget-container\">\n\t\t\t\t\t\t\t\t\t<p data-start=\"366\" data-end=\"707\">A <strong data-start=\"304\" data-end=\"318\">endodontia<\/strong>, conhecida popularmente como <strong data-start=\"348\" data-end=\"371\">tratamento de canal<\/strong>, \u00e9 um procedimento odontol\u00f3gico essencial para <strong data-start=\"419\" data-end=\"439\">tratar infec\u00e7\u00f5es<\/strong> na polpa dental e <strong data-start=\"458\" data-end=\"489\">salvar dentes comprometidos<\/strong>, evitando extra\u00e7\u00f5es desnecess\u00e1rias.<\/p>\t\t\t\t\t\t\t\t<\/div>\n\t\t\t\t<\/div>\n\t\t\t\t<div class=\"elementor-element elementor-element-78a0456 elementor-widget elementor-widget-heading\" data-id=\"78a0456\" data-element_type=\"widget\" data-e-type=\"widget\" data-widget_type=\"heading.default\">\n\t\t\t\t<div class=\"elementor-widget-container\">\n\t\t\t\t\t<h2 class=\"elementor-heading-title elementor-size-default\">O que \u00e9 o tratamento de canal?<\/h2>\t\t\t\t<\/div>\n\t\t\t\t<\/div>\n\t\t\t\t<div class=\"elementor-element elementor-element-032d230 elementor-widget elementor-widget-text-editor\" data-id=\"032d230\" data-element_type=\"widget\" data-e-type=\"widget\" data-widget_type=\"text-editor.default\">\n\t\t\t\t<div class=\"elementor-widget-container\">\n\t\t\t\t\t\t\t\t\t<p data-start=\"568\" data-end=\"692\">O tratamento de canal consiste na <strong data-start=\"602\" data-end=\"632\">remo\u00e7\u00e3o da polpa infectada<\/strong> (tecido mole localizado no interior do dente), seguida por:<\/p><p data-start=\"568\" data-end=\"692\">\u00a0<\/p><ol data-start=\"694\" data-end=\"820\"><li data-start=\"694\" data-end=\"742\"><p data-start=\"697\" data-end=\"742\"><strong data-start=\"697\" data-end=\"740\">Limpeza profunda dos canais radiculares<\/strong><\/p><\/li><li data-start=\"743\" data-end=\"778\"><p data-start=\"746\" data-end=\"778\"><strong data-start=\"746\" data-end=\"767\">Modelagem interna<\/strong> do dente<\/p><\/li><li data-start=\"779\" data-end=\"820\"><p data-start=\"782\" data-end=\"820\"><strong data-start=\"782\" data-end=\"811\">Preenchimento e selamento<\/strong> do canal<\/p><\/li><\/ol><p>\u00a0<\/p><p data-start=\"822\" data-end=\"959\">Esse processo elimina a infec\u00e7\u00e3o, <strong data-start=\"856\" data-end=\"872\">alivia a dor<\/strong> e preserva a estrutura do dente, permitindo que ele continue <strong data-start=\"934\" data-end=\"958\">funcional e saud\u00e1vel<\/strong>.<\/p>\t\t\t\t\t\t\t\t<\/div>\n\t\t\t\t<\/div>\n\t\t\t\t<div class=\"elementor-element elementor-element-0864c73 elementor-widget elementor-widget-heading\" data-id=\"0864c73\" data-element_type=\"widget\" data-e-type=\"widget\" data-widget_type=\"heading.default\">\n\t\t\t\t<div class=\"elementor-widget-container\">\n\t\t\t\t\t<h2 class=\"elementor-heading-title elementor-size-default\">Quando o tratamento de canal \u00e9 indicado?<\/h2>\t\t\t\t<\/div>\n\t\t\t\t<\/div>\n\t\t\t\t<div class=\"elementor-element elementor-element-ed95373 elementor-widget elementor-widget-text-editor\" data-id=\"ed95373\" data-element_type=\"widget\" data-e-type=\"widget\" data-widget_type=\"text-editor.default\">\n\t\t\t\t<div class=\"elementor-widget-container\">\n\t\t\t\t\t\t\t\t\t<p data-start=\"1012\" data-end=\"1063\">O tratamento endod\u00f4ntico \u00e9 recomendado em casos de:<\/p><p data-start=\"1012\" data-end=\"1063\">\u00a0<\/p><ul data-start=\"1065\" data-end=\"1259\"><li data-start=\"1065\" data-end=\"1099\"><p data-start=\"1067\" data-end=\"1099\"><strong data-start=\"1067\" data-end=\"1097\">Dor intensa ou persistente<\/strong><\/p><\/li><li data-start=\"1100\" data-end=\"1149\"><p data-start=\"1102\" data-end=\"1149\"><strong data-start=\"1102\" data-end=\"1147\">Sensibilidade prolongada ao calor ou frio<\/strong><\/p><\/li><li data-start=\"1150\" data-end=\"1188\"><p data-start=\"1152\" data-end=\"1188\"><strong data-start=\"1152\" data-end=\"1175\">Incha\u00e7o ou abscesso<\/strong> na gengiva<\/p><\/li><li data-start=\"1189\" data-end=\"1235\"><p data-start=\"1191\" data-end=\"1235\"><strong data-start=\"1191\" data-end=\"1211\">C\u00e1ries profundas<\/strong> que atingiram a polpa<\/p><\/li><li data-start=\"1236\" data-end=\"1259\"><p data-start=\"1238\" data-end=\"1259\"><strong data-start=\"1238\" data-end=\"1259\">Traumas dent\u00e1rios<\/strong><\/p><\/li><\/ul><p>\u00a0<\/p><p data-start=\"1261\" data-end=\"1361\">Ignorar esses sintomas pode levar \u00e0 perda do dente e \u00e0 dissemina\u00e7\u00e3o da infec\u00e7\u00e3o para outros tecidos.<\/p>\t\t\t\t\t\t\t\t<\/div>\n\t\t\t\t<\/div>\n\t\t\t\t<div class=\"elementor-element elementor-element-ce1b68d elementor-widget elementor-widget-heading\" data-id=\"ce1b68d\" data-element_type=\"widget\" data-e-type=\"widget\" data-widget_type=\"heading.default\">\n\t\t\t\t<div class=\"elementor-widget-container\">\n\t\t\t\t\t<h2 class=\"elementor-heading-title elementor-size-default\">Benef\u00edcios do tratamento de canal<\/h2>\t\t\t\t<\/div>\n\t\t\t\t<\/div>\n\t\t\t\t<div class=\"elementor-element elementor-element-f5d3c07 elementor-widget elementor-widget-text-editor\" data-id=\"f5d3c07\" data-element_type=\"widget\" data-e-type=\"widget\" data-widget_type=\"text-editor.default\">\n\t\t\t\t<div class=\"elementor-widget-container\">\n\t\t\t\t\t\t\t\t\t<p data-start=\"1407\" data-end=\"1584\">\u2705 Al\u00edvio imediato da dor<br data-start=\"1431\" data-end=\"1434\" \/>\u2705 Preserva\u00e7\u00e3o do dente natural<br data-start=\"1464\" data-end=\"1467\" \/>\u2705 Restaura\u00e7\u00e3o da fun\u00e7\u00e3o mastigat\u00f3ria<br data-start=\"1503\" data-end=\"1506\" \/>\u2705 Preven\u00e7\u00e3o da perda dent\u00e1ria<br data-start=\"1535\" data-end=\"1538\" \/>\u2705 Tratamento seguro com <strong data-start=\"1562\" data-end=\"1584\">tecnologia moderna<\/strong><\/p><p data-start=\"1407\" data-end=\"1584\">\u00a0<\/p><p data-start=\"1586\" data-end=\"1746\">Na Ddent, utilizamos <strong data-start=\"1619\" data-end=\"1655\">t\u00e9cnicas avan\u00e7adas de endodontia<\/strong> e equipamentos de \u00faltima gera\u00e7\u00e3o para garantir um tratamento <strong data-start=\"1717\" data-end=\"1745\">r\u00e1pido, eficaz e indolor<\/strong>.<\/p>\t\t\t\t\t\t\t\t<\/div>\n\t\t\t\t<\/div>\n\t\t\t\t<\/div>\n\t\t<div class=\"elementor-element elementor-element-8f79248 e-con-full e-flex e-con e-child\" data-id=\"8f79248\" data-element_type=\"container\" data-e-type=\"container\">\n\t\t\t\t<div class=\"elementor-element elementor-element-1e74aee elementor-widget elementor-widget-image\" data-id=\"1e74aee\" data-element_type=\"widget\" data-e-type=\"widget\" data-widget_type=\"image.default\">\n\t\t\t\t<div class=\"elementor-widget-container\">\n\t\t\t\t\t\t\t\t\t\t\t\t\t\t\t<img fetchpriority=\"high\" decoding=\"async\" width=\"488\" height=\"312\" src=\"https:\/\/ddent.com.br\/clinica\/wp-content\/uploads\/2024\/06\/procedimento-endodontia.jpg\" class=\"attachment-full size-full wp-image-264\" alt=\"\" srcset=\"https:\/\/ddent.com.br\/clinica\/wp-content\/uploads\/2024\/06\/procedimento-endodontia.jpg 488w, https:\/\/ddent.com.br\/clinica\/wp-content\/uploads\/2024\/06\/procedimento-endodontia-300x192.jpg 300w\" sizes=\"(max-width: 488px) 100vw, 488px\" \/>\t\t\t\t\t\t\t\t\t\t\t\t\t\t\t<\/div>\n\t\t\t\t<\/div>\n\t\t\t\t<\/div>\n\t\t\t\t\t<\/div>\n\t\t\t\t<\/div>\n\t\t<div class=\"elementor-element elementor-element-1244d46 e-flex e-con-boxed e-con e-parent\" data-id=\"1244d46\" data-element_type=\"container\" data-e-type=\"container\">\n\t\t\t\t\t<div class=\"e-con-inner\">\n\t\t<div class=\"elementor-element elementor-element-712c78c e-con-full e-flex e-con e-child\" data-id=\"712c78c\" data-element_type=\"container\" data-e-type=\"container\" data-settings=\"{&quot;background_background&quot;:&quot;classic&quot;}\">\n\t\t\t\t<div class=\"elementor-element elementor-element-19a914f elementor-widget elementor-widget-heading\" data-id=\"19a914f\" data-element_type=\"widget\" data-e-type=\"widget\" data-widget_type=\"heading.default\">\n\t\t\t\t<div class=\"elementor-widget-container\">\n\t\t\t\t\t<h2 class=\"elementor-heading-title elementor-size-default\">A solu\u00e7\u00e3o ideal para o seu sorriso est\u00e1 aqui<\/h2>\t\t\t\t<\/div>\n\t\t\t\t<\/div>\n\t\t\t\t<div class=\"elementor-element elementor-element-05330ad elementor-widget elementor-widget-heading\" data-id=\"05330ad\" data-element_type=\"widget\" data-e-type=\"widget\" data-widget_type=\"heading.default\">\n\t\t\t\t<div class=\"elementor-widget-container\">\n\t\t\t\t\t<h2 class=\"elementor-heading-title elementor-size-default\">Venha para a Cl\u00ednica DDent e receba um diagn\u00f3stico preciso que atenda a sua necessidade.<\/h2>\t\t\t\t<\/div>\n\t\t\t\t<\/div>\n\t\t\t\t<div class=\"elementor-element elementor-element-621b656 elementor-hidden-tablet elementor-hidden-mobile elementor-widget elementor-widget-button\" data-id=\"621b656\" data-element_type=\"widget\" data-e-type=\"widget\" data-widget_type=\"button.default\">\n\t\t\t\t<div class=\"elementor-widget-container\">\n\t\t\t\t\t\t\t\t\t<div class=\"elementor-button-wrapper\">\n\t\t\t\t\t<a class=\"elementor-button elementor-button-link elementor-size-sm\" href=\"https:\/\/web.whatsapp.com\/send?phone=5511987847955&#038;text=Ol\u00e1,%20vim%20pelo%20site%20e%20gostaria%20de%20marcar%20uma%20consulta\" target=\"_blank\" rel=\"noopener\">\n\t\t\t\t\t\t<span class=\"elementor-button-content-wrapper\">\n\t\t\t\t\t\t<span class=\"elementor-button-icon\">\n\t\t\t\t<svg aria-hidden=\"true\" class=\"e-font-icon-svg e-fab-whatsapp\" viewBox=\"0 0 448 512\" xmlns=\"http:\/\/www.w3.org\/2000\/svg\"><path d=\"M380.9 97.1C339 55.1 283.2 32 223.9 32c-122.4 0-222 99.6-222 222 0 39.1 10.2 77.3 29.6 111L0 480l117.7-30.9c32.4 17.7 68.9 27 106.1 27h.1c122.3 0 224.1-99.6 224.1-222 0-59.3-25.2-115-67.1-157zm-157 341.6c-33.2 0-65.7-8.9-94-25.7l-6.7-4-69.8 18.3L72 359.2l-4.4-7c-18.5-29.4-28.2-63.3-28.2-98.2 0-101.7 82.8-184.5 184.6-184.5 49.3 0 95.6 19.2 130.4 54.1 34.8 34.9 56.2 81.2 56.1 130.5 0 101.8-84.9 184.6-186.6 184.6zm101.2-138.2c-5.5-2.8-32.8-16.2-37.9-18-5.1-1.9-8.8-2.8-12.5 2.8-3.7 5.6-14.3 18-17.6 21.8-3.2 3.7-6.5 4.2-12 1.4-32.6-16.3-54-29.1-75.5-66-5.7-9.8 5.7-9.1 16.3-30.3 1.8-3.7.9-6.9-.5-9.7-1.4-2.8-12.5-30.1-17.1-41.2-4.5-10.8-9.1-9.3-12.5-9.5-3.2-.2-6.9-.2-10.6-.2-3.7 0-9.7 1.4-14.8 6.9-5.1 5.6-19.4 19-19.4 46.3 0 27.3 19.9 53.7 22.6 57.4 2.8 3.7 39.1 59.7 94.8 83.8 35.2 15.2 49 16.5 66.6 13.9 10.7-1.6 32.8-13.4 37.4-26.4 4.6-13 4.6-24.1 3.2-26.4-1.3-2.5-5-3.9-10.5-6.6z\"><\/path><\/svg>\t\t\t<\/span>\n\t\t\t\t\t\t\t\t\t<span class=\"elementor-button-text\">Agendar Consulta<\/span>\n\t\t\t\t\t<\/span>\n\t\t\t\t\t<\/a>\n\t\t\t\t<\/div>\n\t\t\t\t\t\t\t\t<\/div>\n\t\t\t\t<\/div>\n\t\t\t\t<div class=\"elementor-element elementor-element-d3a8070 elementor-hidden-desktop elementor-widget elementor-widget-button\" data-id=\"d3a8070\" data-element_type=\"widget\" data-e-type=\"widget\" data-widget_type=\"button.default\">\n\t\t\t\t<div class=\"elementor-widget-container\">\n\t\t\t\t\t\t\t\t\t<div class=\"elementor-button-wrapper\">\n\t\t\t\t\t<a class=\"elementor-button elementor-button-link elementor-size-sm\" href=\"https:\/\/api.whatsapp.com\/send?phone=5511987847955&#038;text=Ol\u00e1,%20vim%20pelo%20site%20e%20gostaria%20de%20marcar%20uma%20consulta\" target=\"_blank\" rel=\"noopener\">\n\t\t\t\t\t\t<span class=\"elementor-button-content-wrapper\">\n\t\t\t\t\t\t<span class=\"elementor-button-icon\">\n\t\t\t\t<svg aria-hidden=\"true\" class=\"e-font-icon-svg e-fab-whatsapp\" viewBox=\"0 0 448 512\" xmlns=\"http:\/\/www.w3.org\/2000\/svg\"><path d=\"M380.9 97.1C339 55.1 283.2 32 223.9 32c-122.4 0-222 99.6-222 222 0 39.1 10.2 77.3 29.6 111L0 480l117.7-30.9c32.4 17.7 68.9 27 106.1 27h.1c122.3 0 224.1-99.6 224.1-222 0-59.3-25.2-115-67.1-157zm-157 341.6c-33.2 0-65.7-8.9-94-25.7l-6.7-4-69.8 18.3L72 359.2l-4.4-7c-18.5-29.4-28.2-63.3-28.2-98.2 0-101.7 82.8-184.5 184.6-184.5 49.3 0 95.6 19.2 130.4 54.1 34.8 34.9 56.2 81.2 56.1 130.5 0 101.8-84.9 184.6-186.6 184.6zm101.2-138.2c-5.5-2.8-32.8-16.2-37.9-18-5.1-1.9-8.8-2.8-12.5 2.8-3.7 5.6-14.3 18-17.6 21.8-3.2 3.7-6.5 4.2-12 1.4-32.6-16.3-54-29.1-75.5-66-5.7-9.8 5.7-9.1 16.3-30.3 1.8-3.7.9-6.9-.5-9.7-1.4-2.8-12.5-30.1-17.1-41.2-4.5-10.8-9.1-9.3-12.5-9.5-3.2-.2-6.9-.2-10.6-.2-3.7 0-9.7 1.4-14.8 6.9-5.1 5.6-19.4 19-19.4 46.3 0 27.3 19.9 53.7 22.6 57.4 2.8 3.7 39.1 59.7 94.8 83.8 35.2 15.2 49 16.5 66.6 13.9 10.7-1.6 32.8-13.4 37.4-26.4 4.6-13 4.6-24.1 3.2-26.4-1.3-2.5-5-3.9-10.5-6.6z\"><\/path><\/svg>\t\t\t<\/span>\n\t\t\t\t\t\t\t\t\t<span class=\"elementor-button-text\">Agendar Consulta<\/span>\n\t\t\t\t\t<\/span>\n\t\t\t\t\t<\/a>\n\t\t\t\t<\/div>\n\t\t\t\t\t\t\t\t<\/div>\n\t\t\t\t<\/div>\n\t\t\t\t<\/div>\n\t\t\t\t\t<\/div>\n\t\t\t\t<\/div>\n\t\t\t\t<\/div>\n\t\t","protected":false},"excerpt":{"rendered":"<p>Elimine a dor e preserve seu dente natural com seguran\u00e7a A endodontia, conhecida popularmente como tratamento de canal, \u00e9 um procedimento odontol\u00f3gico essencial para tratar infec\u00e7\u00f5es na polpa dental e salvar dentes comprometidos, evitando extra\u00e7\u00f5es desnecess\u00e1rias. O que \u00e9 o tratamento de canal? O tratamento de canal consiste na remo\u00e7\u00e3o da polpa infectada (tecido mole [&hellip;]<\/p>\n","protected":false},"author":3,"featured_media":0,"parent":194,"menu_order":0,"comment_status":"closed","ping_status":"closed","template":"","meta":{"nf_dc_page":"","footnotes":""},"class_list":["post-886","page","type-page","status-publish","hentry"],"_links":{"self":[{"href":"https:\/\/ddent.com.br\/clinica\/wp-json\/wp\/v2\/pages\/886","targetHints":{"allow":["GET"]}}],"collection":[{"href":"https:\/\/ddent.com.br\/clinica\/wp-json\/wp\/v2\/pages"}],"about":[{"href":"https:\/\/ddent.com.br\/clinica\/wp-json\/wp\/v2\/types\/page"}],"author":[{"embeddable":true,"href":"https:\/\/ddent.com.br\/clinica\/wp-json\/wp\/v2\/users\/3"}],"replies":[{"embeddable":true,"href":"https:\/\/ddent.com.br\/clinica\/wp-json\/wp\/v2\/comments?post=886"}],"version-history":[{"count":5,"href":"https:\/\/ddent.com.br\/clinica\/wp-json\/wp\/v2\/pages\/886\/revisions"}],"predecessor-version":[{"id":908,"href":"https:\/\/ddent.com.br\/clinica\/wp-json\/wp\/v2\/pages\/886\/revisions\/908"}],"up":[{"embeddable":true,"href":"https:\/\/ddent.com.br\/clinica\/wp-json\/wp\/v2\/pages\/194"}],"wp:attachment":[{"href":"https:\/\/ddent.com.br\/clinica\/wp-json\/wp\/v2\/media?parent=886"}],"curies":[{"name":"wp","href":"https:\/\/api.w.org\/{rel}","templated":true}]}}