{"id":194,"date":"2024-06-04T18:20:29","date_gmt":"2024-06-04T18:20:29","guid":{"rendered":"https:\/\/ddent.com.br\/laboratorio\/?page_id=194"},"modified":"2026-03-23T15:22:56","modified_gmt":"2026-03-23T15:22:56","slug":"servicos","status":"publish","type":"page","link":"https:\/\/ddent.com.br\/laboratorio\/servicos\/","title":{"rendered":"Servi\u00e7os"},"content":{"rendered":"\t\t<div data-elementor-type=\"wp-page\" data-elementor-id=\"194\" class=\"elementor elementor-194\" data-elementor-post-type=\"page\">\n\t\t\t\t<div class=\"elementor-element elementor-element-43c67e32 e-flex e-con-boxed e-con e-parent\" data-id=\"43c67e32\" data-element_type=\"container\" data-e-type=\"container\" data-settings=\"{&quot;background_background&quot;:&quot;classic&quot;}\">\n\t\t\t\t\t<div class=\"e-con-inner\">\n\t\t\t\t\t<\/div>\n\t\t\t\t<\/div>\n\t\t<div class=\"elementor-element elementor-element-4d51cea e-flex e-con-boxed e-con e-parent\" data-id=\"4d51cea\" data-element_type=\"container\" data-e-type=\"container\" data-settings=\"{&quot;background_background&quot;:&quot;classic&quot;}\">\n\t\t\t\t\t<div class=\"e-con-inner\">\n\t\t<div class=\"elementor-element elementor-element-310c262 e-con-full e-flex e-con e-child\" data-id=\"310c262\" data-element_type=\"container\" data-e-type=\"container\">\n\t\t\t\t<div class=\"elementor-element elementor-element-7e485a2 elementor-widget elementor-widget-heading\" data-id=\"7e485a2\" data-element_type=\"widget\" data-e-type=\"widget\" data-widget_type=\"heading.default\">\n\t\t\t\t<div class=\"elementor-widget-container\">\n\t\t\t\t\t<h2 class=\"elementor-heading-title elementor-size-default\">Pr\u00f3tese Fixa<\/h2>\t\t\t\t<\/div>\n\t\t\t\t<\/div>\n\t\t\t\t<div class=\"elementor-element elementor-element-ec5af22 elementor-widget elementor-widget-text-editor\" data-id=\"ec5af22\" data-element_type=\"widget\" data-e-type=\"widget\" data-widget_type=\"text-editor.default\">\n\t\t\t\t<div class=\"elementor-widget-container\">\n\t\t\t\t\t\t\t\t\t<p>Nossas pr\u00f3teses fixas unit\u00e1rias ou unidas s\u00e3o confeccionadas do vazamento do gesso at\u00e9 a finaliza\u00e7\u00e3o com porcelana, resina, metal ou uma combina\u00e7\u00e3o deles, e s\u00e3o projetadas para se parecerem e funcionarem como dentes naturais. Elas desempenham um papel importante na est\u00e9tica e na fun\u00e7\u00e3o oral de seus pacientes.<\/p>\t\t\t\t\t\t\t\t<\/div>\n\t\t\t\t<\/div>\n\t\t\t\t<\/div>\n\t\t<div class=\"elementor-element elementor-element-8f79248 e-con-full e-flex e-con e-child\" data-id=\"8f79248\" data-element_type=\"container\" data-e-type=\"container\">\n\t\t\t\t<div class=\"elementor-element elementor-element-1e74aee elementor-widget elementor-widget-image\" data-id=\"1e74aee\" data-element_type=\"widget\" data-e-type=\"widget\" data-widget_type=\"image.default\">\n\t\t\t\t<div class=\"elementor-widget-container\">\n\t\t\t\t\t\t\t\t\t\t\t\t\t\t\t<img fetchpriority=\"high\" decoding=\"async\" width=\"488\" height=\"312\" src=\"https:\/\/ddent.com.br\/laboratorio\/wp-content\/uploads\/2024\/06\/sv-Protese-fixa.jpg\" class=\"attachment-full size-full wp-image-1030\" alt=\"\" srcset=\"https:\/\/ddent.com.br\/laboratorio\/wp-content\/uploads\/2024\/06\/sv-Protese-fixa.jpg 488w, https:\/\/ddent.com.br\/laboratorio\/wp-content\/uploads\/2024\/06\/sv-Protese-fixa-300x192.jpg 300w\" sizes=\"(max-width: 488px) 100vw, 488px\" \/>\t\t\t\t\t\t\t\t\t\t\t\t\t\t\t<\/div>\n\t\t\t\t<\/div>\n\t\t\t\t<\/div>\n\t\t\t\t\t<\/div>\n\t\t\t\t<\/div>\n\t\t<div class=\"elementor-element elementor-element-0012e9b e-flex e-con-boxed e-con e-parent\" data-id=\"0012e9b\" data-element_type=\"container\" data-e-type=\"container\" data-settings=\"{&quot;background_background&quot;:&quot;classic&quot;}\">\n\t\t\t\t\t<div class=\"e-con-inner\">\n\t\t<div class=\"elementor-element elementor-element-ac68469 e-con-full e-flex e-con e-child\" data-id=\"ac68469\" data-element_type=\"container\" data-e-type=\"container\">\n\t\t\t\t<div class=\"elementor-element elementor-element-c93c50c elementor-widget elementor-widget-heading\" data-id=\"c93c50c\" data-element_type=\"widget\" data-e-type=\"widget\" data-widget_type=\"heading.default\">\n\t\t\t\t<div class=\"elementor-widget-container\">\n\t\t\t\t\t<h2 class=\"elementor-heading-title elementor-size-default\">Pr\u00f3tese Protocolo<\/h2>\t\t\t\t<\/div>\n\t\t\t\t<\/div>\n\t\t\t\t<div class=\"elementor-element elementor-element-a2d5dd8 elementor-widget elementor-widget-text-editor\" data-id=\"a2d5dd8\" data-element_type=\"widget\" data-e-type=\"widget\" data-widget_type=\"text-editor.default\">\n\t\t\t\t<div class=\"elementor-widget-container\">\n\t\t\t\t\t\t\t\t\t<p>Confeccionamos o protocolo do seu paciente em acr\u00edlico ou porcelana com caracteriza\u00e7\u00e3o de gengiva usando o sistema STG ou confeccionando a gengiva artificial de cer\u00e2mica para se parecerem o mais prox\u00edmo do natural.<\/p>\t\t\t\t\t\t\t\t<\/div>\n\t\t\t\t<\/div>\n\t\t\t\t<\/div>\n\t\t<div class=\"elementor-element elementor-element-9dd7f5e e-con-full e-flex e-con e-child\" data-id=\"9dd7f5e\" data-element_type=\"container\" data-e-type=\"container\">\n\t\t\t\t<div class=\"elementor-element elementor-element-3b53cc0 elementor-widget elementor-widget-image\" data-id=\"3b53cc0\" data-element_type=\"widget\" data-e-type=\"widget\" data-widget_type=\"image.default\">\n\t\t\t\t<div class=\"elementor-widget-container\">\n\t\t\t\t\t\t\t\t\t\t\t\t\t\t\t<img decoding=\"async\" width=\"488\" height=\"312\" src=\"https:\/\/ddent.com.br\/laboratorio\/wp-content\/uploads\/2024\/06\/sv-protese-protocolo.jpg\" class=\"attachment-full size-full wp-image-1056\" alt=\"\" srcset=\"https:\/\/ddent.com.br\/laboratorio\/wp-content\/uploads\/2024\/06\/sv-protese-protocolo.jpg 488w, https:\/\/ddent.com.br\/laboratorio\/wp-content\/uploads\/2024\/06\/sv-protese-protocolo-300x192.jpg 300w\" sizes=\"(max-width: 488px) 100vw, 488px\" \/>\t\t\t\t\t\t\t\t\t\t\t\t\t\t\t<\/div>\n\t\t\t\t<\/div>\n\t\t\t\t<\/div>\n\t\t\t\t\t<\/div>\n\t\t\t\t<\/div>\n\t\t<div class=\"elementor-element elementor-element-607556f e-flex e-con-boxed e-con e-parent\" data-id=\"607556f\" data-element_type=\"container\" data-e-type=\"container\" data-settings=\"{&quot;background_background&quot;:&quot;classic&quot;}\">\n\t\t\t\t\t<div class=\"e-con-inner\">\n\t\t<div class=\"elementor-element elementor-element-ce24d17 e-con-full e-flex e-con e-child\" data-id=\"ce24d17\" data-element_type=\"container\" data-e-type=\"container\">\n\t\t\t\t<div class=\"elementor-element elementor-element-d1e918f elementor-widget elementor-widget-heading\" data-id=\"d1e918f\" data-element_type=\"widget\" data-e-type=\"widget\" data-widget_type=\"heading.default\">\n\t\t\t\t<div class=\"elementor-widget-container\">\n\t\t\t\t\t<h2 class=\"elementor-heading-title elementor-size-default\">Pr\u00f3tese Total e Parcial<\/h2>\t\t\t\t<\/div>\n\t\t\t\t<\/div>\n\t\t\t\t<div class=\"elementor-element elementor-element-46b55eb elementor-widget elementor-widget-text-editor\" data-id=\"46b55eb\" data-element_type=\"widget\" data-e-type=\"widget\" data-widget_type=\"text-editor.default\">\n\t\t\t\t<div class=\"elementor-widget-container\">\n\t\t\t\t\t\t\t\t\t<p>Confeccionamos Proteses removiveis acrilicas personalozadas com gengiva caracterzida ou n\u00e3o, respeitando todas as etapas do processo, te auxiliando nas provas com o paciente do come\u00e7o ao fim.<\/p>\t\t\t\t\t\t\t\t<\/div>\n\t\t\t\t<\/div>\n\t\t\t\t<\/div>\n\t\t<div class=\"elementor-element elementor-element-8158ca2 e-con-full e-flex e-con e-child\" data-id=\"8158ca2\" data-element_type=\"container\" data-e-type=\"container\">\n\t\t\t\t<div class=\"elementor-element elementor-element-509ca32 elementor-widget elementor-widget-image\" data-id=\"509ca32\" data-element_type=\"widget\" data-e-type=\"widget\" data-widget_type=\"image.default\">\n\t\t\t\t<div class=\"elementor-widget-container\">\n\t\t\t\t\t\t\t\t\t\t\t\t\t\t\t<img decoding=\"async\" width=\"488\" height=\"312\" src=\"https:\/\/ddent.com.br\/laboratorio\/wp-content\/uploads\/2024\/06\/sv-protese-total-e-parcial.jpg\" class=\"attachment-full size-full wp-image-1055\" alt=\"\" srcset=\"https:\/\/ddent.com.br\/laboratorio\/wp-content\/uploads\/2024\/06\/sv-protese-total-e-parcial.jpg 488w, https:\/\/ddent.com.br\/laboratorio\/wp-content\/uploads\/2024\/06\/sv-protese-total-e-parcial-300x192.jpg 300w\" sizes=\"(max-width: 488px) 100vw, 488px\" \/>\t\t\t\t\t\t\t\t\t\t\t\t\t\t\t<\/div>\n\t\t\t\t<\/div>\n\t\t\t\t<\/div>\n\t\t\t\t\t<\/div>\n\t\t\t\t<\/div>\n\t\t<div class=\"elementor-element elementor-element-dcf9404 e-flex e-con-boxed e-con e-parent\" data-id=\"dcf9404\" data-element_type=\"container\" data-e-type=\"container\" data-settings=\"{&quot;background_background&quot;:&quot;classic&quot;}\">\n\t\t\t\t\t<div class=\"e-con-inner\">\n\t\t<div class=\"elementor-element elementor-element-170007e e-con-full e-flex e-con e-child\" data-id=\"170007e\" data-element_type=\"container\" data-e-type=\"container\">\n\t\t\t\t<div class=\"elementor-element elementor-element-cc01ee0 elementor-widget elementor-widget-heading\" data-id=\"cc01ee0\" data-element_type=\"widget\" data-e-type=\"widget\" data-widget_type=\"heading.default\">\n\t\t\t\t<div class=\"elementor-widget-container\">\n\t\t\t\t\t<h2 class=\"elementor-heading-title elementor-size-default\">Placas Acr\u00edlicas, Silicone ou Acetato<\/h2>\t\t\t\t<\/div>\n\t\t\t\t<\/div>\n\t\t\t\t<div class=\"elementor-element elementor-element-433b813 elementor-widget elementor-widget-text-editor\" data-id=\"433b813\" data-element_type=\"widget\" data-e-type=\"widget\" data-widget_type=\"text-editor.default\">\n\t\t\t\t<div class=\"elementor-widget-container\">\n\t\t\t\t\t\t\t\t\t<p>Confeccionamos placas Acrilicas, Silicone ou de Acetato dependendo das necessidades do<br \/>seu paciente, do tipo de tratamento escolhido e das suas prefer\u00eancias.<\/p>\t\t\t\t\t\t\t\t<\/div>\n\t\t\t\t<\/div>\n\t\t\t\t<\/div>\n\t\t<div class=\"elementor-element elementor-element-12443d3 e-con-full e-flex e-con e-child\" data-id=\"12443d3\" data-element_type=\"container\" data-e-type=\"container\">\n\t\t\t\t<div class=\"elementor-element elementor-element-91e02f8 elementor-widget elementor-widget-image\" data-id=\"91e02f8\" data-element_type=\"widget\" data-e-type=\"widget\" data-widget_type=\"image.default\">\n\t\t\t\t<div class=\"elementor-widget-container\">\n\t\t\t\t\t\t\t\t\t\t\t\t\t\t\t<img loading=\"lazy\" decoding=\"async\" width=\"488\" height=\"312\" src=\"https:\/\/ddent.com.br\/laboratorio\/wp-content\/uploads\/2024\/06\/sv-placas-dentarias.jpg\" class=\"attachment-full size-full wp-image-1054\" alt=\"\" srcset=\"https:\/\/ddent.com.br\/laboratorio\/wp-content\/uploads\/2024\/06\/sv-placas-dentarias.jpg 488w, https:\/\/ddent.com.br\/laboratorio\/wp-content\/uploads\/2024\/06\/sv-placas-dentarias-300x192.jpg 300w\" sizes=\"(max-width: 488px) 100vw, 488px\" \/>\t\t\t\t\t\t\t\t\t\t\t\t\t\t\t<\/div>\n\t\t\t\t<\/div>\n\t\t\t\t<\/div>\n\t\t\t\t\t<\/div>\n\t\t\t\t<\/div>\n\t\t<div class=\"elementor-element elementor-element-5cda1ba e-flex e-con-boxed e-con e-parent\" data-id=\"5cda1ba\" data-element_type=\"container\" data-e-type=\"container\" data-settings=\"{&quot;background_background&quot;:&quot;classic&quot;}\">\n\t\t\t\t\t<div class=\"e-con-inner\">\n\t\t<div class=\"elementor-element elementor-element-44d3647 e-con-full e-flex e-con e-child\" data-id=\"44d3647\" data-element_type=\"container\" data-e-type=\"container\">\n\t\t\t\t<div class=\"elementor-element elementor-element-48d41ea elementor-widget elementor-widget-heading\" data-id=\"48d41ea\" data-element_type=\"widget\" data-e-type=\"widget\" data-widget_type=\"heading.default\">\n\t\t\t\t<div class=\"elementor-widget-container\">\n\t\t\t\t\t<h2 class=\"elementor-heading-title elementor-size-default\">Coroas Metal Free<\/h2>\t\t\t\t<\/div>\n\t\t\t\t<\/div>\n\t\t\t\t<div class=\"elementor-element elementor-element-053f201 elementor-widget elementor-widget-text-editor\" data-id=\"053f201\" data-element_type=\"widget\" data-e-type=\"widget\" data-widget_type=\"text-editor.default\">\n\t\t\t\t<div class=\"elementor-widget-container\">\n\t\t\t\t\t\t\t\t\t<p>Eleve a qualidade dos seus procedimentos com nossas coroas dent\u00e1rias metal free de Dissilicato de L\u00edtio, que oferecem alta resist\u00eancia, durabilidade e translucidez.<\/p><p><strong>Cimenta\u00e7\u00e3o<\/strong>: 20 segundos de \u00e1cido fluoridrico, silano, adesivo e cimento resinoso<\/p>\t\t\t\t\t\t\t\t<\/div>\n\t\t\t\t<\/div>\n\t\t\t\t<\/div>\n\t\t<div class=\"elementor-element elementor-element-547a5c3 e-con-full e-flex e-con e-child\" data-id=\"547a5c3\" data-element_type=\"container\" data-e-type=\"container\">\n\t\t\t\t<div class=\"elementor-element elementor-element-524da20 elementor-widget elementor-widget-image\" data-id=\"524da20\" data-element_type=\"widget\" data-e-type=\"widget\" data-widget_type=\"image.default\">\n\t\t\t\t<div class=\"elementor-widget-container\">\n\t\t\t\t\t\t\t\t\t\t\t\t\t\t\t<img loading=\"lazy\" decoding=\"async\" width=\"488\" height=\"312\" src=\"https:\/\/ddent.com.br\/laboratorio\/wp-content\/uploads\/2024\/06\/sv-coroas-metal-free.jpg\" class=\"attachment-full size-full wp-image-1052\" alt=\"\" srcset=\"https:\/\/ddent.com.br\/laboratorio\/wp-content\/uploads\/2024\/06\/sv-coroas-metal-free.jpg 488w, https:\/\/ddent.com.br\/laboratorio\/wp-content\/uploads\/2024\/06\/sv-coroas-metal-free-300x192.jpg 300w\" sizes=\"(max-width: 488px) 100vw, 488px\" \/>\t\t\t\t\t\t\t\t\t\t\t\t\t\t\t<\/div>\n\t\t\t\t<\/div>\n\t\t\t\t<\/div>\n\t\t\t\t\t<\/div>\n\t\t\t\t<\/div>\n\t\t<div class=\"elementor-element elementor-element-9184e85 e-flex e-con-boxed e-con e-parent\" data-id=\"9184e85\" data-element_type=\"container\" data-e-type=\"container\" data-settings=\"{&quot;background_background&quot;:&quot;classic&quot;}\">\n\t\t\t\t\t<div class=\"e-con-inner\">\n\t\t<div class=\"elementor-element elementor-element-49f5380 e-con-full e-flex e-con e-child\" data-id=\"49f5380\" data-element_type=\"container\" data-e-type=\"container\">\n\t\t\t\t<div class=\"elementor-element elementor-element-5c04bb0 elementor-widget elementor-widget-heading\" data-id=\"5c04bb0\" data-element_type=\"widget\" data-e-type=\"widget\" data-widget_type=\"heading.default\">\n\t\t\t\t<div class=\"elementor-widget-container\">\n\t\t\t\t\t<h2 class=\"elementor-heading-title elementor-size-default\">Facetas e lentes<\/h2>\t\t\t\t<\/div>\n\t\t\t\t<\/div>\n\t\t\t\t<div class=\"elementor-element elementor-element-4deaf4b elementor-widget elementor-widget-text-editor\" data-id=\"4deaf4b\" data-element_type=\"widget\" data-e-type=\"widget\" data-widget_type=\"text-editor.default\">\n\t\t\t\t<div class=\"elementor-widget-container\">\n\t\t\t\t\t\t\t\t\t<p>No laborat\u00f3rio, tanto as facetas quanto as lentes s\u00e3o cuidadosamente confeccionadas com base nas impress\u00f5es e nas especifica\u00e7\u00f5es do dentista, usando materiais como porcelana, dissilicato ou resina.<\/p>\t\t\t\t\t\t\t\t<\/div>\n\t\t\t\t<\/div>\n\t\t\t\t<\/div>\n\t\t<div class=\"elementor-element elementor-element-72db34c e-con-full e-flex e-con e-child\" data-id=\"72db34c\" data-element_type=\"container\" data-e-type=\"container\">\n\t\t\t\t<div class=\"elementor-element elementor-element-a92f0b2 elementor-widget elementor-widget-image\" data-id=\"a92f0b2\" data-element_type=\"widget\" data-e-type=\"widget\" data-widget_type=\"image.default\">\n\t\t\t\t<div class=\"elementor-widget-container\">\n\t\t\t\t\t\t\t\t\t\t\t\t\t\t\t<img loading=\"lazy\" decoding=\"async\" width=\"488\" height=\"312\" src=\"https:\/\/ddent.com.br\/laboratorio\/wp-content\/uploads\/2024\/06\/sv-facetas-e-lentes.jpg\" class=\"attachment-full size-full wp-image-1048\" alt=\"\" srcset=\"https:\/\/ddent.com.br\/laboratorio\/wp-content\/uploads\/2024\/06\/sv-facetas-e-lentes.jpg 488w, https:\/\/ddent.com.br\/laboratorio\/wp-content\/uploads\/2024\/06\/sv-facetas-e-lentes-300x192.jpg 300w\" sizes=\"(max-width: 488px) 100vw, 488px\" \/>\t\t\t\t\t\t\t\t\t\t\t\t\t\t\t<\/div>\n\t\t\t\t<\/div>\n\t\t\t\t<\/div>\n\t\t\t\t\t<\/div>\n\t\t\t\t<\/div>\n\t\t<div class=\"elementor-element elementor-element-e58c08c e-flex e-con-boxed e-con e-parent\" data-id=\"e58c08c\" data-element_type=\"container\" data-e-type=\"container\" data-settings=\"{&quot;background_background&quot;:&quot;classic&quot;}\">\n\t\t\t\t\t<div class=\"e-con-inner\">\n\t\t<div class=\"elementor-element elementor-element-bd3e0ce e-con-full e-flex e-con e-child\" data-id=\"bd3e0ce\" data-element_type=\"container\" data-e-type=\"container\">\n\t\t\t\t<div class=\"elementor-element elementor-element-5b927e0 elementor-widget elementor-widget-heading\" data-id=\"5b927e0\" data-element_type=\"widget\" data-e-type=\"widget\" data-widget_type=\"heading.default\">\n\t\t\t\t<div class=\"elementor-widget-container\">\n\t\t\t\t\t<h2 class=\"elementor-heading-title elementor-size-default\">Zirc\u00f4nia Dental<\/h2>\t\t\t\t<\/div>\n\t\t\t\t<\/div>\n\t\t\t\t<div class=\"elementor-element elementor-element-6ed8c11 elementor-widget elementor-widget-text-editor\" data-id=\"6ed8c11\" data-element_type=\"widget\" data-e-type=\"widget\" data-widget_type=\"text-editor.default\">\n\t\t\t\t<div class=\"elementor-widget-container\">\n\t\t\t\t\t\t\t\t\t<p>Com alto desempenho funcional para copings, coroas fixas e coroas sobre implantes<\/p>\t\t\t\t\t\t\t\t<\/div>\n\t\t\t\t<\/div>\n\t\t\t\t<\/div>\n\t\t<div class=\"elementor-element elementor-element-8929c17 e-con-full e-flex e-con e-child\" data-id=\"8929c17\" data-element_type=\"container\" data-e-type=\"container\">\n\t\t\t\t<div class=\"elementor-element elementor-element-4231c34 elementor-widget elementor-widget-image\" data-id=\"4231c34\" data-element_type=\"widget\" data-e-type=\"widget\" data-widget_type=\"image.default\">\n\t\t\t\t<div class=\"elementor-widget-container\">\n\t\t\t\t\t\t\t\t\t\t\t\t\t\t\t<img loading=\"lazy\" decoding=\"async\" width=\"488\" height=\"312\" src=\"https:\/\/ddent.com.br\/laboratorio\/wp-content\/uploads\/2024\/06\/lab-zirconia-1.jpg\" class=\"attachment-full size-full wp-image-714\" alt=\"\" srcset=\"https:\/\/ddent.com.br\/laboratorio\/wp-content\/uploads\/2024\/06\/lab-zirconia-1.jpg 488w, https:\/\/ddent.com.br\/laboratorio\/wp-content\/uploads\/2024\/06\/lab-zirconia-1-300x192.jpg 300w\" sizes=\"(max-width: 488px) 100vw, 488px\" \/>\t\t\t\t\t\t\t\t\t\t\t\t\t\t\t<\/div>\n\t\t\t\t<\/div>\n\t\t\t\t<\/div>\n\t\t\t\t\t<\/div>\n\t\t\t\t<\/div>\n\t\t<div class=\"elementor-element elementor-element-1244d46 e-flex e-con-boxed e-con e-parent\" data-id=\"1244d46\" data-element_type=\"container\" data-e-type=\"container\">\n\t\t\t\t\t<div class=\"e-con-inner\">\n\t\t<div class=\"elementor-element elementor-element-712c78c e-con-full e-flex e-con e-child\" data-id=\"712c78c\" data-element_type=\"container\" data-e-type=\"container\" data-settings=\"{&quot;background_background&quot;:&quot;classic&quot;}\">\n\t\t\t\t<div class=\"elementor-element elementor-element-19a914f elementor-widget elementor-widget-heading\" data-id=\"19a914f\" data-element_type=\"widget\" data-e-type=\"widget\" data-widget_type=\"heading.default\">\n\t\t\t\t<div class=\"elementor-widget-container\">\n\t\t\t\t\t<h2 class=\"elementor-heading-title elementor-size-default\">A solu\u00e7\u00e3o ideal para seu paciente est\u00e1 aqui<\/h2>\t\t\t\t<\/div>\n\t\t\t\t<\/div>\n\t\t\t\t<div class=\"elementor-element elementor-element-05330ad elementor-widget elementor-widget-heading\" data-id=\"05330ad\" data-element_type=\"widget\" data-e-type=\"widget\" data-widget_type=\"heading.default\">\n\t\t\t\t<div class=\"elementor-widget-container\">\n\t\t\t\t\t<h2 class=\"elementor-heading-title elementor-size-default\">Garanta agora as melhores tecnologias para diferentes tipos de tratamento odontol\u00f3gico.<\/h2>\t\t\t\t<\/div>\n\t\t\t\t<\/div>\n\t\t\t\t<div class=\"elementor-element elementor-element-0447ab0 elementor-hidden-tablet elementor-hidden-mobile elementor-widget elementor-widget-button\" data-id=\"0447ab0\" data-element_type=\"widget\" data-e-type=\"widget\" data-widget_type=\"button.default\">\n\t\t\t\t<div class=\"elementor-widget-container\">\n\t\t\t\t\t\t\t\t\t<div class=\"elementor-button-wrapper\">\n\t\t\t\t\t<a class=\"elementor-button elementor-button-link elementor-size-sm\" href=\"https:\/\/web.whatsapp.com\/send?phone=5511949135700&#038;text=Ol\u00e1,%20vim%20pelo%20site%20e%20gostaria%20de%20tirar%20d\u00favidas.\" target=\"_blank\" rel=\"noopener\">\n\t\t\t\t\t\t<span class=\"elementor-button-content-wrapper\">\n\t\t\t\t\t\t<span class=\"elementor-button-icon\">\n\t\t\t\t<svg aria-hidden=\"true\" class=\"e-font-icon-svg e-fab-whatsapp\" viewBox=\"0 0 448 512\" xmlns=\"http:\/\/www.w3.org\/2000\/svg\"><path d=\"M380.9 97.1C339 55.1 283.2 32 223.9 32c-122.4 0-222 99.6-222 222 0 39.1 10.2 77.3 29.6 111L0 480l117.7-30.9c32.4 17.7 68.9 27 106.1 27h.1c122.3 0 224.1-99.6 224.1-222 0-59.3-25.2-115-67.1-157zm-157 341.6c-33.2 0-65.7-8.9-94-25.7l-6.7-4-69.8 18.3L72 359.2l-4.4-7c-18.5-29.4-28.2-63.3-28.2-98.2 0-101.7 82.8-184.5 184.6-184.5 49.3 0 95.6 19.2 130.4 54.1 34.8 34.9 56.2 81.2 56.1 130.5 0 101.8-84.9 184.6-186.6 184.6zm101.2-138.2c-5.5-2.8-32.8-16.2-37.9-18-5.1-1.9-8.8-2.8-12.5 2.8-3.7 5.6-14.3 18-17.6 21.8-3.2 3.7-6.5 4.2-12 1.4-32.6-16.3-54-29.1-75.5-66-5.7-9.8 5.7-9.1 16.3-30.3 1.8-3.7.9-6.9-.5-9.7-1.4-2.8-12.5-30.1-17.1-41.2-4.5-10.8-9.1-9.3-12.5-9.5-3.2-.2-6.9-.2-10.6-.2-3.7 0-9.7 1.4-14.8 6.9-5.1 5.6-19.4 19-19.4 46.3 0 27.3 19.9 53.7 22.6 57.4 2.8 3.7 39.1 59.7 94.8 83.8 35.2 15.2 49 16.5 66.6 13.9 10.7-1.6 32.8-13.4 37.4-26.4 4.6-13 4.6-24.1 3.2-26.4-1.3-2.5-5-3.9-10.5-6.6z\"><\/path><\/svg>\t\t\t<\/span>\n\t\t\t\t\t\t\t\t\t<span class=\"elementor-button-text\">Fale Conosco<\/span>\n\t\t\t\t\t<\/span>\n\t\t\t\t\t<\/a>\n\t\t\t\t<\/div>\n\t\t\t\t\t\t\t\t<\/div>\n\t\t\t\t<\/div>\n\t\t\t\t<\/div>\n\t\t\t\t\t<\/div>\n\t\t\t\t<\/div>\n\t\t<div class=\"elementor-element elementor-element-8753b62 e-flex e-con-boxed e-con e-parent\" data-id=\"8753b62\" data-element_type=\"container\" data-e-type=\"container\">\n\t\t\t\t\t<div class=\"e-con-inner\">\n\t\t\t\t\t<\/div>\n\t\t\t\t<\/div>\n\t\t\t\t<\/div>\n\t\t","protected":false},"excerpt":{"rendered":"<p>Pr\u00f3tese Fixa Nossas pr\u00f3teses fixas unit\u00e1rias ou unidas s\u00e3o confeccionadas do vazamento do gesso at\u00e9 a finaliza\u00e7\u00e3o com porcelana, resina, metal ou uma combina\u00e7\u00e3o deles, e s\u00e3o projetadas para se parecerem e funcionarem como dentes naturais. Elas desempenham um papel importante na est\u00e9tica e na fun\u00e7\u00e3o oral de seus pacientes. Pr\u00f3tese Protocolo Confeccionamos o protocolo [&hellip;]<\/p>\n","protected":false},"author":1,"featured_media":0,"parent":0,"menu_order":0,"comment_status":"closed","ping_status":"closed","template":"","meta":{"nf_dc_page":"","footnotes":""},"class_list":["post-194","page","type-page","status-publish","hentry"],"_links":{"self":[{"href":"https:\/\/ddent.com.br\/laboratorio\/wp-json\/wp\/v2\/pages\/194","targetHints":{"allow":["GET"]}}],"collection":[{"href":"https:\/\/ddent.com.br\/laboratorio\/wp-json\/wp\/v2\/pages"}],"about":[{"href":"https:\/\/ddent.com.br\/laboratorio\/wp-json\/wp\/v2\/types\/page"}],"author":[{"embeddable":true,"href":"https:\/\/ddent.com.br\/laboratorio\/wp-json\/wp\/v2\/users\/1"}],"replies":[{"embeddable":true,"href":"https:\/\/ddent.com.br\/laboratorio\/wp-json\/wp\/v2\/comments?post=194"}],"version-history":[{"count":5,"href":"https:\/\/ddent.com.br\/laboratorio\/wp-json\/wp\/v2\/pages\/194\/revisions"}],"predecessor-version":[{"id":1672,"href":"https:\/\/ddent.com.br\/laboratorio\/wp-json\/wp\/v2\/pages\/194\/revisions\/1672"}],"wp:attachment":[{"href":"https:\/\/ddent.com.br\/laboratorio\/wp-json\/wp\/v2\/media?parent=194"}],"curies":[{"name":"wp","href":"https:\/\/api.w.org\/{rel}","templated":true}]}}